{"id":408,"date":"2022-11-11T10:15:41","date_gmt":"2022-11-11T09:15:41","guid":{"rendered":"http:\/\/b2rhconseil.com\/?page_id=408"},"modified":"2024-06-28T09:33:00","modified_gmt":"2024-06-28T07:33:00","slug":"formations-intra","status":"publish","type":"page","link":"https:\/\/b2rhconseil.com\/index.php\/formations-intra\/","title":{"rendered":"Formations Intra"},"content":{"rendered":"\n<p><h3><strong><font color=\"#F0A00C\" \"=\"\">Le sur-mesure de votre formation<\/font><\/strong><\/h3><\/p>\n\n\n\n<p>Toutes nos formations sont modulables afin de s&rsquo;adapter \u00e0 vos besoins, aux circonstances, \u00e0 votre environnement. Nous vous proposons plusieurs th\u00e8mes centr\u00e9s sur la formation professionnelle en entreprise ou en organisme de formation. Pour les tarifs de nos formations, nous consulter :<\/p>\n\n\n\n            <div class=\"oxi-addons-container noLightbox oxi-image-hover-wrapper-1 \" id=\"oxi-image-hover-wrapper-1\">\r\n                <div class=\"oxi-addons-row\">\r\n                        <div class=\"oxi-image-hover-style oxi-bt-col-lg-4 oxi-bt-col-md-12 oxi-bt-col-sm-12  \" >\r\n                <div class=\"oxi-image-hover-style-caption\">\r\n                    <div class=\"oxi-image-hover oxi-image-caption-hover oxi-image-caption-hover-style-4 oxi-image-border-reveal-top-left\">\r\n                                                    <div class=\"oxi-image-hover-figure\">\r\n                                <div class=\"oxi-image-hover-image\">\r\n                                    <img decoding=\"async\" src=\"http:\/\/b2rhconseil.com\/wp-content\/uploads\/2022\/11\/f-formation-pro-3.png\" >\r\n                                <\/div>\r\n                                <div class=\"oxi-image-hover-figure-caption\">\r\n                                    <div class=\"oxi-image-hover-caption-tab image-hover-align-center-center\">\r\n                                                                                    <h3 class=\"oxi-image-hover-heading iheu-fade-left \">Formation professionnelle<\/h3>\r\n                                                                                        <div class=\"oxi-image-hover-content iheu-fade-right \">Comprendre la r\u00e8glementation de la formation professionnelle<br>Mettre en oeuvre les bons leviers et dispositifs de formation<\/div>\r\n                                                                                <\/div>\r\n                                <\/div>\r\n                            <\/div>\r\n                                                <\/div>\r\n                <\/div> \r\n                            <\/div>\r\n                        <div class=\"oxi-image-hover-style oxi-bt-col-lg-4 oxi-bt-col-md-12 oxi-bt-col-sm-12  \" >\r\n                <div class=\"oxi-image-hover-style-caption\">\r\n                    <div class=\"oxi-image-hover oxi-image-caption-hover oxi-image-caption-hover-style-4 oxi-image-border-reveal-top-left\">\r\n                                                    <div class=\"oxi-image-hover-figure\">\r\n                                <div class=\"oxi-image-hover-image\">\r\n                                    <img decoding=\"async\" src=\"http:\/\/b2rhconseil.com\/wp-content\/uploads\/2022\/11\/f-qualiopi-1.png\" >\r\n                                <\/div>\r\n                                <div class=\"oxi-image-hover-figure-caption\">\r\n                                    <div class=\"oxi-image-hover-caption-tab image-hover-align-center-center\">\r\n                                                                                    <h3 class=\"oxi-image-hover-heading iheu-fade-left \">Qualiopi<\/h3>\r\n                                                                                        <div class=\"oxi-image-hover-content iheu-fade-right \">- Comprendre le r\u00e9f\u00e9renetiel national qualit\u00e9 - Qualiopi<br>-\u00a0Se pr\u00e9parer \u00e0 l'audit initial ou de surveillance<\/div>\r\n                                                                                <\/div>\r\n                                <\/div>\r\n                            <\/div>\r\n                                                <\/div>\r\n                <\/div> \r\n                            <\/div>\r\n                        <div class=\"oxi-image-hover-style oxi-bt-col-lg-4 oxi-bt-col-md-12 oxi-bt-col-sm-12  \" >\r\n                <div class=\"oxi-image-hover-style-caption\">\r\n                    <div class=\"oxi-image-hover oxi-image-caption-hover oxi-image-caption-hover-style-4 oxi-image-border-reveal-top-left\">\r\n                                                    <div class=\"oxi-image-hover-figure\">\r\n                                <div class=\"oxi-image-hover-image\">\r\n                                    <img decoding=\"async\" src=\"http:\/\/b2rhconseil.com\/wp-content\/uploads\/2022\/11\/f-creer-son-of.png\" >\r\n                                <\/div>\r\n                                <div class=\"oxi-image-hover-figure-caption\">\r\n                                    <div class=\"oxi-image-hover-caption-tab image-hover-align-center-center\">\r\n                                                                                    <h3 class=\"oxi-image-hover-heading iheu-fade-left \">Cr\u00e9er son organisme de formation<\/h3>\r\n                                                                                        <div class=\"oxi-image-hover-content iheu-fade-right \">- Un parcours sp\u00e9cifique complet (de la demande du NDA \u00e0 la gestion quotidienne de son organisme de formation)<\/div>\r\n                                                                                <\/div>\r\n                                <\/div>\r\n                            <\/div>\r\n                                                <\/div>\r\n                <\/div> \r\n                            <\/div>\r\n                        <div class=\"oxi-image-hover-style oxi-bt-col-lg-4 oxi-bt-col-md-12 oxi-bt-col-sm-12  \" >\r\n                <div class=\"oxi-image-hover-style-caption\">\r\n                    <div class=\"oxi-image-hover oxi-image-caption-hover oxi-image-caption-hover-style-4 oxi-image-border-reveal-top-left\">\r\n                                                    <div class=\"oxi-image-hover-figure\">\r\n                                <div class=\"oxi-image-hover-image\">\r\n                                    <img decoding=\"async\" src=\"http:\/\/b2rhconseil.com\/wp-content\/uploads\/2022\/11\/f-bilan-competences.png\" >\r\n                                <\/div>\r\n                                <div class=\"oxi-image-hover-figure-caption\">\r\n                                    <div class=\"oxi-image-hover-caption-tab image-hover-align-center-center\">\r\n                                                                                    <h3 class=\"oxi-image-hover-heading iheu-fade-left \">Bilan de comp\u00e9tences <\/h3>\r\n                                                                                        <div class=\"oxi-image-hover-content iheu-fade-right \">Se former aux bases du bilan de comp\u00e9tences<\/div>\r\n                                                                                <\/div>\r\n                                <\/div>\r\n                            <\/div>\r\n                                                <\/div>\r\n                <\/div> \r\n                            <\/div>\r\n                        <div class=\"oxi-image-hover-style oxi-bt-col-lg-4 oxi-bt-col-md-12 oxi-bt-col-sm-12  \" >\r\n                <div class=\"oxi-image-hover-style-caption\">\r\n                    <div class=\"oxi-image-hover oxi-image-caption-hover oxi-image-caption-hover-style-4 oxi-image-border-reveal-top-left\">\r\n                                                    <div class=\"oxi-image-hover-figure\">\r\n                                <div class=\"oxi-image-hover-image\">\r\n                                    <img decoding=\"async\" src=\"http:\/\/b2rhconseil.com\/wp-content\/uploads\/2022\/11\/f-digiforma.png\" >\r\n                                <\/div>\r\n                                <div class=\"oxi-image-hover-figure-caption\">\r\n                                    <div class=\"oxi-image-hover-caption-tab image-hover-align-center-center\">\r\n                                                                                    <h3 class=\"oxi-image-hover-heading iheu-fade-left \">Logiciel DIGIFORMA<\/h3>\r\n                                                                                        <div class=\"oxi-image-hover-content iheu-fade-right \">Les fondamentaux pour l'utilisation du logiciel<\/div>\r\n                                                                                <\/div>\r\n                                <\/div>\r\n                            <\/div>\r\n                                                <\/div>\r\n                <\/div> \r\n                            <\/div>\r\n                        <div class=\"oxi-image-hover-style oxi-bt-col-lg-4 oxi-bt-col-md-12 oxi-bt-col-sm-12  \" >\r\n                <div class=\"oxi-image-hover-style-caption\">\r\n                    <div class=\"oxi-image-hover oxi-image-caption-hover oxi-image-caption-hover-style-4 oxi-image-border-reveal-top-left\">\r\n                                                    <div class=\"oxi-image-hover-figure\">\r\n                                <div class=\"oxi-image-hover-image\">\r\n                                    <img decoding=\"async\" src=\"http:\/\/b2rhconseil.com\/wp-content\/uploads\/2022\/11\/f-entretien-pro.png\" >\r\n                                <\/div>\r\n                                <div class=\"oxi-image-hover-figure-caption\">\r\n                                    <div class=\"oxi-image-hover-caption-tab image-hover-align-center-center\">\r\n                                                                                    <h3 class=\"oxi-image-hover-heading iheu-fade-left \">Entretiens professionnels<\/h3>\r\n                                                                                        <div class=\"oxi-image-hover-content iheu-fade-right \">Qu'est-ce que l'entretien professionnel ?<br>Comment le mener ?<\/div>\r\n                                                                                <\/div>\r\n                                <\/div>\r\n                            <\/div>\r\n                                                <\/div>\r\n                <\/div> \r\n                            <\/div>\r\n                            <\/div>\r\n            <\/div>\r\n        \n<br><\/br>\n\n\n\n<p><\/p>\n\n\n\n<p><\/p>\n\n\n<div class=\"wp-block-image\">\n<figure class=\"aligncenter size-large is-resized\"><img loading=\"lazy\" decoding=\"async\" width=\"1024\" height=\"306\" src=\"http:\/\/b2rhconseil.com\/wp-content\/uploads\/2022\/11\/formation-methodes-1024x306.png\" alt=\"\" class=\"wp-image-458\" style=\"width:772px;height:231px\" srcset=\"https:\/\/b2rhconseil.com\/wp-content\/uploads\/2022\/11\/formation-methodes-1024x306.png 1024w, https:\/\/b2rhconseil.com\/wp-content\/uploads\/2022\/11\/formation-methodes-300x90.png 300w, https:\/\/b2rhconseil.com\/wp-content\/uploads\/2022\/11\/formation-methodes-768x229.png 768w, https:\/\/b2rhconseil.com\/wp-content\/uploads\/2022\/11\/formation-methodes-1536x458.png 1536w, https:\/\/b2rhconseil.com\/wp-content\/uploads\/2022\/11\/formation-methodes-2048x611.png 2048w\" sizes=\"auto, (max-width: 1024px) 100vw, 1024px\" \/><\/figure>\n<\/div>\n\n\n<br><\/br>\n\n\n<div class=\"wp-block-image\">\n<figure class=\"aligncenter size-large is-resized\"><img loading=\"lazy\" decoding=\"async\" width=\"1024\" height=\"437\" src=\"http:\/\/b2rhconseil.com\/wp-content\/uploads\/2022\/11\/indicateurs-formation-1024x437.png\" alt=\"\" class=\"wp-image-464\" style=\"width:581px;height:248px\" srcset=\"https:\/\/b2rhconseil.com\/wp-content\/uploads\/2022\/11\/indicateurs-formation-1024x437.png 1024w, https:\/\/b2rhconseil.com\/wp-content\/uploads\/2022\/11\/indicateurs-formation-300x128.png 300w, https:\/\/b2rhconseil.com\/wp-content\/uploads\/2022\/11\/indicateurs-formation-768x328.png 768w, https:\/\/b2rhconseil.com\/wp-content\/uploads\/2022\/11\/indicateurs-formation-1536x655.png 1536w, https:\/\/b2rhconseil.com\/wp-content\/uploads\/2022\/11\/indicateurs-formation-2048x874.png 2048w\" sizes=\"auto, (max-width: 1024px) 100vw, 1024px\" \/><\/figure>\n<\/div>\n\n\n<h6><font color=\"#DDDDDE\">Mise \u00e0 jour &#8211; avril 2024<br><br><\/font><\/h6>\n\n\n<div class=\"wp-block-image\">\n<figure class=\"aligncenter size-large is-resized\"><img loading=\"lazy\" decoding=\"async\" width=\"1024\" height=\"343\" src=\"http:\/\/b2rhconseil.com\/wp-content\/uploads\/2022\/11\/qualiopi-1024x343.png\" alt=\"\" class=\"wp-image-245\" style=\"width:422px;height:141px\" srcset=\"https:\/\/b2rhconseil.com\/wp-content\/uploads\/2022\/11\/qualiopi-1024x343.png 1024w, https:\/\/b2rhconseil.com\/wp-content\/uploads\/2022\/11\/qualiopi-300x100.png 300w, https:\/\/b2rhconseil.com\/wp-content\/uploads\/2022\/11\/qualiopi-768x257.png 768w, https:\/\/b2rhconseil.com\/wp-content\/uploads\/2022\/11\/qualiopi-1536x514.png 1536w, https:\/\/b2rhconseil.com\/wp-content\/uploads\/2022\/11\/qualiopi-2048x685.png 2048w\" sizes=\"auto, (max-width: 1024px) 100vw, 1024px\" \/><\/figure>\n<\/div>\n\n\n<p><\/p>\n\n\n\n<p>Pour les personnes en situtation de handicap, vous pouvez nous contacter directement : <a href=\"mailto:b2rhconseil@gmail.com\">b2rhconseil@gmail.com<\/a><\/p>\n","protected":false},"excerpt":{"rendered":"","protected":false},"author":1,"featured_media":0,"parent":0,"menu_order":0,"comment_status":"closed","ping_status":"closed","template":"","meta":{"footnotes":""},"class_list":["post-408","page","type-page","status-publish","hentry"],"yoast_head":"<!-- This site is optimized with the Yoast SEO plugin v27.4 - https:\/\/yoast.com\/product\/yoast-seo-wordpress\/ -->\n<title>Formations Intra - B2 RH Conseil<\/title>\n<meta name=\"description\" content=\"Nous proposons des formations pour les entreprises ou formateurs ind\u00e9pendants souhaitant \u00eatre accompagn\u00e9s dans la cr\u00e9ation de leur centre de formations\" \/>\n<meta name=\"robots\" content=\"index, follow, max-snippet:-1, max-image-preview:large, max-video-preview:-1\" \/>\n<link rel=\"canonical\" href=\"https:\/\/b2rhconseil.com\/index.php\/formations-intra\/\" \/>\n<meta property=\"og:locale\" content=\"fr_FR\" \/>\n<meta property=\"og:type\" content=\"article\" \/>\n<meta property=\"og:title\" content=\"Formations Intra - B2 RH Conseil\" \/>\n<meta property=\"og:description\" content=\"Nous proposons des formations pour les entreprises ou formateurs ind\u00e9pendants souhaitant \u00eatre accompagn\u00e9s dans la cr\u00e9ation de leur centre de formations\" \/>\n<meta property=\"og:url\" content=\"https:\/\/b2rhconseil.com\/index.php\/formations-intra\/\" \/>\n<meta property=\"og:site_name\" content=\"B2 RH Conseil\" \/>\n<meta property=\"article:publisher\" content=\"https:\/\/www.facebook.com\/BeatriceBenazetMaury\" \/>\n<meta property=\"article:modified_time\" content=\"2024-06-28T07:33:00+00:00\" \/>\n<meta property=\"og:image\" content=\"http:\/\/b2rhconseil.com\/wp-content\/uploads\/2022\/11\/formation-methodes-1024x306.png\" \/>\n<meta name=\"twitter:card\" content=\"summary_large_image\" \/>\n<meta name=\"twitter:label1\" content=\"Dur\u00e9e de lecture estim\u00e9e\" \/>\n\t<meta name=\"twitter:data1\" content=\"1 minute\" \/>\n<script type=\"application\/ld+json\" class=\"yoast-schema-graph\">{\"@context\":\"https:\\\/\\\/schema.org\",\"@graph\":[{\"@type\":\"WebPage\",\"@id\":\"https:\\\/\\\/b2rhconseil.com\\\/index.php\\\/formations-intra\\\/\",\"url\":\"https:\\\/\\\/b2rhconseil.com\\\/index.php\\\/formations-intra\\\/\",\"name\":\"Formations Intra - B2 RH Conseil\",\"isPartOf\":{\"@id\":\"https:\\\/\\\/b2rhconseil.com\\\/#website\"},\"primaryImageOfPage\":{\"@id\":\"https:\\\/\\\/b2rhconseil.com\\\/index.php\\\/formations-intra\\\/#primaryimage\"},\"image\":{\"@id\":\"https:\\\/\\\/b2rhconseil.com\\\/index.php\\\/formations-intra\\\/#primaryimage\"},\"thumbnailUrl\":\"http:\\\/\\\/b2rhconseil.com\\\/wp-content\\\/uploads\\\/2022\\\/11\\\/formation-methodes-1024x306.png\",\"datePublished\":\"2022-11-11T09:15:41+00:00\",\"dateModified\":\"2024-06-28T07:33:00+00:00\",\"description\":\"Nous proposons des formations pour les entreprises ou formateurs ind\u00e9pendants souhaitant \u00eatre accompagn\u00e9s dans la cr\u00e9ation de leur centre de formations\",\"breadcrumb\":{\"@id\":\"https:\\\/\\\/b2rhconseil.com\\\/index.php\\\/formations-intra\\\/#breadcrumb\"},\"inLanguage\":\"fr-FR\",\"potentialAction\":[{\"@type\":\"ReadAction\",\"target\":[\"https:\\\/\\\/b2rhconseil.com\\\/index.php\\\/formations-intra\\\/\"]}]},{\"@type\":\"ImageObject\",\"inLanguage\":\"fr-FR\",\"@id\":\"https:\\\/\\\/b2rhconseil.com\\\/index.php\\\/formations-intra\\\/#primaryimage\",\"url\":\"https:\\\/\\\/b2rhconseil.com\\\/wp-content\\\/uploads\\\/2022\\\/11\\\/formation-methodes.png\",\"contentUrl\":\"https:\\\/\\\/b2rhconseil.com\\\/wp-content\\\/uploads\\\/2022\\\/11\\\/formation-methodes.png\",\"width\":3606,\"height\":1076},{\"@type\":\"BreadcrumbList\",\"@id\":\"https:\\\/\\\/b2rhconseil.com\\\/index.php\\\/formations-intra\\\/#breadcrumb\",\"itemListElement\":[{\"@type\":\"ListItem\",\"position\":1,\"name\":\"Home\",\"item\":\"https:\\\/\\\/b2rhconseil.com\\\/\"},{\"@type\":\"ListItem\",\"position\":2,\"name\":\"Formations Intra\"}]},{\"@type\":\"WebSite\",\"@id\":\"https:\\\/\\\/b2rhconseil.com\\\/#website\",\"url\":\"https:\\\/\\\/b2rhconseil.com\\\/\",\"name\":\"B2 RH Conseil\",\"description\":\"Cabinet RH au service des entreprises et organismes de formation\",\"publisher\":{\"@id\":\"https:\\\/\\\/b2rhconseil.com\\\/#organization\"},\"potentialAction\":[{\"@type\":\"SearchAction\",\"target\":{\"@type\":\"EntryPoint\",\"urlTemplate\":\"https:\\\/\\\/b2rhconseil.com\\\/?s={search_term_string}\"},\"query-input\":{\"@type\":\"PropertyValueSpecification\",\"valueRequired\":true,\"valueName\":\"search_term_string\"}}],\"inLanguage\":\"fr-FR\"},{\"@type\":\"Organization\",\"@id\":\"https:\\\/\\\/b2rhconseil.com\\\/#organization\",\"name\":\"B2 RH Conseil\",\"url\":\"https:\\\/\\\/b2rhconseil.com\\\/\",\"logo\":{\"@type\":\"ImageObject\",\"inLanguage\":\"fr-FR\",\"@id\":\"https:\\\/\\\/b2rhconseil.com\\\/#\\\/schema\\\/logo\\\/image\\\/\",\"url\":\"https:\\\/\\\/b2rhconseil.com\\\/wp-content\\\/uploads\\\/2023\\\/01\\\/cropped-logo-web.jpg\",\"contentUrl\":\"https:\\\/\\\/b2rhconseil.com\\\/wp-content\\\/uploads\\\/2023\\\/01\\\/cropped-logo-web.jpg\",\"width\":153,\"height\":104,\"caption\":\"B2 RH Conseil\"},\"image\":{\"@id\":\"https:\\\/\\\/b2rhconseil.com\\\/#\\\/schema\\\/logo\\\/image\\\/\"},\"sameAs\":[\"https:\\\/\\\/www.facebook.com\\\/BeatriceBenazetMaury\",\"https:\\\/\\\/www.linkedin.com\\\/in\\\/beatrice-benazet\\\/\"]}]}<\/script>\n<!-- \/ Yoast SEO plugin. -->","yoast_head_json":{"title":"Formations Intra - B2 RH Conseil","description":"Nous proposons des formations pour les entreprises ou formateurs ind\u00e9pendants souhaitant \u00eatre accompagn\u00e9s dans la cr\u00e9ation de leur centre de formations","robots":{"index":"index","follow":"follow","max-snippet":"max-snippet:-1","max-image-preview":"max-image-preview:large","max-video-preview":"max-video-preview:-1"},"canonical":"https:\/\/b2rhconseil.com\/index.php\/formations-intra\/","og_locale":"fr_FR","og_type":"article","og_title":"Formations Intra - B2 RH Conseil","og_description":"Nous proposons des formations pour les entreprises ou formateurs ind\u00e9pendants souhaitant \u00eatre accompagn\u00e9s dans la cr\u00e9ation de leur centre de formations","og_url":"https:\/\/b2rhconseil.com\/index.php\/formations-intra\/","og_site_name":"B2 RH Conseil","article_publisher":"https:\/\/www.facebook.com\/BeatriceBenazetMaury","article_modified_time":"2024-06-28T07:33:00+00:00","og_image":[{"url":"http:\/\/b2rhconseil.com\/wp-content\/uploads\/2022\/11\/formation-methodes-1024x306.png","type":"","width":"","height":""}],"twitter_card":"summary_large_image","twitter_misc":{"Dur\u00e9e de lecture estim\u00e9e":"1 minute"},"schema":{"@context":"https:\/\/schema.org","@graph":[{"@type":"WebPage","@id":"https:\/\/b2rhconseil.com\/index.php\/formations-intra\/","url":"https:\/\/b2rhconseil.com\/index.php\/formations-intra\/","name":"Formations Intra - B2 RH Conseil","isPartOf":{"@id":"https:\/\/b2rhconseil.com\/#website"},"primaryImageOfPage":{"@id":"https:\/\/b2rhconseil.com\/index.php\/formations-intra\/#primaryimage"},"image":{"@id":"https:\/\/b2rhconseil.com\/index.php\/formations-intra\/#primaryimage"},"thumbnailUrl":"http:\/\/b2rhconseil.com\/wp-content\/uploads\/2022\/11\/formation-methodes-1024x306.png","datePublished":"2022-11-11T09:15:41+00:00","dateModified":"2024-06-28T07:33:00+00:00","description":"Nous proposons des formations pour les entreprises ou formateurs ind\u00e9pendants souhaitant \u00eatre accompagn\u00e9s dans la cr\u00e9ation de leur centre de formations","breadcrumb":{"@id":"https:\/\/b2rhconseil.com\/index.php\/formations-intra\/#breadcrumb"},"inLanguage":"fr-FR","potentialAction":[{"@type":"ReadAction","target":["https:\/\/b2rhconseil.com\/index.php\/formations-intra\/"]}]},{"@type":"ImageObject","inLanguage":"fr-FR","@id":"https:\/\/b2rhconseil.com\/index.php\/formations-intra\/#primaryimage","url":"https:\/\/b2rhconseil.com\/wp-content\/uploads\/2022\/11\/formation-methodes.png","contentUrl":"https:\/\/b2rhconseil.com\/wp-content\/uploads\/2022\/11\/formation-methodes.png","width":3606,"height":1076},{"@type":"BreadcrumbList","@id":"https:\/\/b2rhconseil.com\/index.php\/formations-intra\/#breadcrumb","itemListElement":[{"@type":"ListItem","position":1,"name":"Home","item":"https:\/\/b2rhconseil.com\/"},{"@type":"ListItem","position":2,"name":"Formations Intra"}]},{"@type":"WebSite","@id":"https:\/\/b2rhconseil.com\/#website","url":"https:\/\/b2rhconseil.com\/","name":"B2 RH Conseil","description":"Cabinet RH au service des entreprises et organismes de formation","publisher":{"@id":"https:\/\/b2rhconseil.com\/#organization"},"potentialAction":[{"@type":"SearchAction","target":{"@type":"EntryPoint","urlTemplate":"https:\/\/b2rhconseil.com\/?s={search_term_string}"},"query-input":{"@type":"PropertyValueSpecification","valueRequired":true,"valueName":"search_term_string"}}],"inLanguage":"fr-FR"},{"@type":"Organization","@id":"https:\/\/b2rhconseil.com\/#organization","name":"B2 RH Conseil","url":"https:\/\/b2rhconseil.com\/","logo":{"@type":"ImageObject","inLanguage":"fr-FR","@id":"https:\/\/b2rhconseil.com\/#\/schema\/logo\/image\/","url":"https:\/\/b2rhconseil.com\/wp-content\/uploads\/2023\/01\/cropped-logo-web.jpg","contentUrl":"https:\/\/b2rhconseil.com\/wp-content\/uploads\/2023\/01\/cropped-logo-web.jpg","width":153,"height":104,"caption":"B2 RH Conseil"},"image":{"@id":"https:\/\/b2rhconseil.com\/#\/schema\/logo\/image\/"},"sameAs":["https:\/\/www.facebook.com\/BeatriceBenazetMaury","https:\/\/www.linkedin.com\/in\/beatrice-benazet\/"]}]}},"_links":{"self":[{"href":"https:\/\/b2rhconseil.com\/index.php\/wp-json\/wp\/v2\/pages\/408","targetHints":{"allow":["GET"]}}],"collection":[{"href":"https:\/\/b2rhconseil.com\/index.php\/wp-json\/wp\/v2\/pages"}],"about":[{"href":"https:\/\/b2rhconseil.com\/index.php\/wp-json\/wp\/v2\/types\/page"}],"author":[{"embeddable":true,"href":"https:\/\/b2rhconseil.com\/index.php\/wp-json\/wp\/v2\/users\/1"}],"replies":[{"embeddable":true,"href":"https:\/\/b2rhconseil.com\/index.php\/wp-json\/wp\/v2\/comments?post=408"}],"version-history":[{"count":32,"href":"https:\/\/b2rhconseil.com\/index.php\/wp-json\/wp\/v2\/pages\/408\/revisions"}],"predecessor-version":[{"id":619,"href":"https:\/\/b2rhconseil.com\/index.php\/wp-json\/wp\/v2\/pages\/408\/revisions\/619"}],"wp:attachment":[{"href":"https:\/\/b2rhconseil.com\/index.php\/wp-json\/wp\/v2\/media?parent=408"}],"curies":[{"name":"wp","href":"https:\/\/api.w.org\/{rel}","templated":true}]}}