{"id":390,"date":"2022-11-11T09:53:13","date_gmt":"2022-11-11T08:53:13","guid":{"rendered":"http:\/\/b2rhconseil.com\/?page_id=390"},"modified":"2022-11-12T10:30:23","modified_gmt":"2022-11-12T09:30:23","slug":"laudit-initial-qualiopi","status":"publish","type":"page","link":"https:\/\/b2rhconseil.com\/index.php\/laudit-initial-qualiopi\/","title":{"rendered":"L\u2019audit initial et de surveillance Qualiopi"},"content":{"rendered":"\n<p><font _mstmutation=\"1\" _msthash=\"1048086\"><\/p>\n\n\n\n<p>Nous vous proposons un accompagnement en <strong>4 phases<\/strong> sur une dur\u00e9e n\u00e9goci\u00e9e avec vous.<\/p>\n\n\n\n<h3 class=\"wp-block-heading\"><strong><font color=\"#F0A00C\">Un accompagnement personnalis\u00e9<\/font><\/strong><\/h3>\n\n\n\n<ul class=\"wp-block-list\">\n<li>Un entretien t\u00e9l\u00e9phonique pour appr\u00e9hender votre situation, r\u00e9pondre \u00e0 vos questions sur l&rsquo;audit, d\u00e9finir le d\u00e9roulement de l&rsquo;accompagnement. <\/li>\n\n\n\n<li>Un diagnostic approfondi afin d&rsquo;analyser votre activit\u00e9 et \u00e9tudier votre conformit\u00e9 axu 32 indicateurs du R\u00e9f\u00e9rentiel National Qualit\u00e9.<\/li>\n\n\n\n<li>L&rsquo;envoi d&rsquo;un dossier complet dans lequel vous trouverez un rapport d&rsquo;audit et tous les \u00e9l\u00e9ments n\u00e9cessaires qui vous serviront pour apporter les preuves \u00e0 l&rsquo;auditeur.<\/li>\n\n\n\n<li>La possibilit\u00e9 d&rsquo;une deuxi\u00e8me s\u00e9ance t\u00e9l\u00e9phonique pour r\u00e9pondre \u00e0 vos questions. Des conseils pour trouver quelques organismes certificateurs pr\u00e9sents dans la liste diffus\u00e9e par le Minist\u00e8re du Travail (L.6316-2 et R6316-3) que vous pourrez contacter apr\u00e8s avoir fait votre choix.<\/li>\n<\/ul>\n\n\n<div class=\"wp-block-image\">\n<figure class=\"aligncenter size-full is-resized\"><img loading=\"lazy\" decoding=\"async\" src=\"http:\/\/hgoyopv.cluster028.hosting.ovh.net\/wp-content\/uploads\/2022\/10\/les-etapes-audit-qualiopi.png\" alt=\"\" class=\"wp-image-95\" width=\"365\" height=\"514\" srcset=\"https:\/\/b2rhconseil.com\/wp-content\/uploads\/2022\/10\/les-etapes-audit-qualiopi.png 482w, https:\/\/b2rhconseil.com\/wp-content\/uploads\/2022\/10\/les-etapes-audit-qualiopi-213x300.png 213w\" sizes=\"auto, (max-width: 365px) 100vw, 365px\" \/><\/figure>\n<\/div>\n\n\n<h3 class=\"wp-block-heading\"><strong><font color=\"#F0A00C\">Accompagnement sur vos processus<\/font><\/strong><\/h3>\n\n\n\n<p>Votre r\u00e9f\u00e9rent vous accompagnera tout au long de la d\u00e9marche  dans la mise en oeuvre de vos processus. <\/p>\n\n\n\n<p class=\"has-text-align-center\"><strong>La prestation se r\u00e9alise 100% \u00e0 distance. <\/strong><\/p>\n\n\n\n<p>Sur la r\u00e9gion d&rsquo;Aix en Provence, la prestation peut se faire en pr\u00e9sentiel.<\/p>\n\n\n<div class=\"wp-block-image\">\n<figure class=\"aligncenter size-full\"><a href=\"mailto:b2rhconseil@gmail.com\"><img loading=\"lazy\" decoding=\"async\" width=\"450\" height=\"105\" src=\"http:\/\/hgoyopv.cluster028.hosting.ovh.net\/wp-content\/uploads\/2022\/10\/demander-un-devi.png\" alt=\"\" class=\"wp-image-97\" srcset=\"https:\/\/b2rhconseil.com\/wp-content\/uploads\/2022\/10\/demander-un-devi.png 450w, https:\/\/b2rhconseil.com\/wp-content\/uploads\/2022\/10\/demander-un-devi-300x70.png 300w\" sizes=\"auto, (max-width: 450px) 100vw, 450px\" \/><\/a><\/figure>\n<\/div>\n\n\n<br><\/br><br><\/br>\n\n\n\n<p><h3><strong><font color=\"#F0A00C\" \"=\"\">L&rsquo;audit de surveillance<\/font><\/strong><\/h3><\/p>\n\n\n\n<p>Dans la dur\u00e9e de cycle de 3 ans, le certificateur v\u00e9rifie \u00e0 mi-parcours si l\u2019organisme respecte toujours les exigences du r\u00e9f\u00e9rentiel. <strong _istranslated=\"1\">L\u2019audit de surveillance<\/strong>s\u2019effectue entre le 14\u00e8me et le 22\u00e8me mois suivant la date d\u2019obtention de votre certification. Cet<strong _istranslated=\"1\">audit<\/strong>permet de v\u00e9rifier , en cours de cycle, le bon respect et la bonne application du r\u00e9f\u00e9rentiel national qualit\u00e9, dans sa version en vigueur.<\/p>\n\n\n\n<p><font _mstmutation=\"1\" _msthash=\"10973\" _msttexthash=\"10972\">L&rsquo; <\/font><strong _msttexthash=\"653419\">Audit de surveillance se fait<\/strong><font _mstmutation=\"1\" _msthash=\"2748903\" _msttexthash=\"2748902\">&nbsp;\u00e0 distance ou sur site. Toutefois, si votre certification initiale&nbsp;<\/font><strong _msttexthash=\"908388\">s\u2019est<\/strong><font _mstmutation=\"1\" _msthash=\"669813\" _msttexthash=\"669812\">&nbsp;d\u00e9j\u00e0 d\u00e9roul\u00e9e \u00e0 distance, l&rsquo;<\/font><strong>audit<\/strong><font _mstmutation=\"1\" _msthash=\"1993174\" _msttexthash=\"1993173\">&nbsp;de suivi est obligatoirement effectu\u00e9 en pr\u00e9sentiel. <\/font><\/p>\n\n\n\n<p>Si vous avez \u00e9t\u00e9 certifi\u00e9 avant le 1er janvier 2021,la certification Qualiopi est valable 4 ans.<\/p>\n\n\n\n<p><\/p>\n\n\n\n<p>Nous pouvons vous accompagner au m\u00eame titre que l\u2019audit initial \u00e0 l\u2019audit de surveillance. Depuis l\u2019obtention de votre certification, vous n\u2019\u00eates pas certain d\u2019avoir respect\u00e9 tous les processus que vous avez mis en place. Vous souhaitez \u00eatre rassur\u00e9 et aborder cet audit de surveillance avec plus de s\u00e9r\u00e9nit\u00e9 ! <strong>N\u2019h\u00e9sitez pas \u00e0 vous renseigner.<\/strong><\/p>\n\n\n<div class=\"wp-block-image\">\n<figure class=\"aligncenter size-full\"><img loading=\"lazy\" decoding=\"async\" width=\"450\" height=\"105\" src=\"http:\/\/hgoyopv.cluster028.hosting.ovh.net\/wp-content\/uploads\/2022\/10\/image-3.png\" alt=\"\" class=\"wp-image-101\" srcset=\"https:\/\/b2rhconseil.com\/wp-content\/uploads\/2022\/10\/image-3.png 450w, https:\/\/b2rhconseil.com\/wp-content\/uploads\/2022\/10\/image-3-300x70.png 300w\" sizes=\"auto, (max-width: 450px) 100vw, 450px\" \/><\/figure>\n<\/div>\n\n\n<p><font _mstmutation=\"1\" _msthash=\"1029964\"><\/p>\n\n\n\n<p>Pour aller plus loin, B2 RH Conseil et son partenaire AS-2C, vous propose un parcours de formation sp\u00e9cifique aux cr\u00e9ateurs d\u2019organismes de formation de A \u00e0 Z afin de s\u00e9curiser votre activit\u00e9. Pour plus d&rsquo;informations sur ce parcours, rendez-vous sur la page Formations.<\/p>\n\n\n\n<p><\/p>\n","protected":false},"excerpt":{"rendered":"<p class=\"qua-blog-post-description\">Nous vous proposons un accompagnement en 4 phases sur une dur\u00e9e n\u00e9goci\u00e9e avec vous. Un accompagnement personnalis\u00e9 Accompagnement sur vos processus Votre r\u00e9f\u00e9rent vous accompagnera tout au long de la d\u00e9marche dans la mise en oeuvre de vos processus. La prestation se r\u00e9alise 100% \u00e0 distance. Sur la r\u00e9gion d&rsquo;Aix en Provence, la prestation peut [&hellip;]<\/p>\n","protected":false},"author":1,"featured_media":0,"parent":0,"menu_order":0,"comment_status":"closed","ping_status":"closed","template":"","meta":{"footnotes":""},"class_list":["post-390","page","type-page","status-publish","hentry"],"yoast_head":"<!-- This site is optimized with the Yoast SEO plugin v27.4 - https:\/\/yoast.com\/product\/yoast-seo-wordpress\/ -->\n<title>L\u2019audit initial et de surveillance Qualiopi - B2 RH Conseil<\/title>\n<meta name=\"robots\" content=\"index, follow, max-snippet:-1, max-image-preview:large, max-video-preview:-1\" \/>\n<link rel=\"canonical\" href=\"https:\/\/b2rhconseil.com\/index.php\/laudit-initial-qualiopi\/\" \/>\n<meta property=\"og:locale\" content=\"fr_FR\" \/>\n<meta property=\"og:type\" content=\"article\" \/>\n<meta property=\"og:title\" content=\"L\u2019audit initial et de surveillance Qualiopi - B2 RH Conseil\" \/>\n<meta property=\"og:description\" content=\"Nous vous proposons un accompagnement en 4 phases sur une dur\u00e9e n\u00e9goci\u00e9e avec vous. Un accompagnement personnalis\u00e9 Accompagnement sur vos processus Votre r\u00e9f\u00e9rent vous accompagnera tout au long de la d\u00e9marche dans la mise en oeuvre de vos processus. La prestation se r\u00e9alise 100% \u00e0 distance. Sur la r\u00e9gion d&rsquo;Aix en Provence, la prestation peut [&hellip;]\" \/>\n<meta property=\"og:url\" content=\"https:\/\/b2rhconseil.com\/index.php\/laudit-initial-qualiopi\/\" \/>\n<meta property=\"og:site_name\" content=\"B2 RH Conseil\" \/>\n<meta property=\"article:publisher\" content=\"https:\/\/www.facebook.com\/BeatriceBenazetMaury\" \/>\n<meta property=\"article:modified_time\" content=\"2022-11-12T09:30:23+00:00\" \/>\n<meta property=\"og:image\" content=\"http:\/\/hgoyopv.cluster028.hosting.ovh.net\/wp-content\/uploads\/2022\/10\/les-etapes-audit-qualiopi.png\" \/>\n<meta name=\"twitter:card\" content=\"summary_large_image\" \/>\n<meta name=\"twitter:label1\" content=\"Dur\u00e9e de lecture estim\u00e9e\" \/>\n\t<meta name=\"twitter:data1\" content=\"1 minute\" \/>\n<script type=\"application\/ld+json\" class=\"yoast-schema-graph\">{\"@context\":\"https:\\\/\\\/schema.org\",\"@graph\":[{\"@type\":\"WebPage\",\"@id\":\"https:\\\/\\\/b2rhconseil.com\\\/index.php\\\/laudit-initial-qualiopi\\\/\",\"url\":\"https:\\\/\\\/b2rhconseil.com\\\/index.php\\\/laudit-initial-qualiopi\\\/\",\"name\":\"L\u2019audit initial et de surveillance Qualiopi - B2 RH Conseil\",\"isPartOf\":{\"@id\":\"https:\\\/\\\/b2rhconseil.com\\\/#website\"},\"primaryImageOfPage\":{\"@id\":\"https:\\\/\\\/b2rhconseil.com\\\/index.php\\\/laudit-initial-qualiopi\\\/#primaryimage\"},\"image\":{\"@id\":\"https:\\\/\\\/b2rhconseil.com\\\/index.php\\\/laudit-initial-qualiopi\\\/#primaryimage\"},\"thumbnailUrl\":\"http:\\\/\\\/hgoyopv.cluster028.hosting.ovh.net\\\/wp-content\\\/uploads\\\/2022\\\/10\\\/les-etapes-audit-qualiopi.png\",\"datePublished\":\"2022-11-11T08:53:13+00:00\",\"dateModified\":\"2022-11-12T09:30:23+00:00\",\"breadcrumb\":{\"@id\":\"https:\\\/\\\/b2rhconseil.com\\\/index.php\\\/laudit-initial-qualiopi\\\/#breadcrumb\"},\"inLanguage\":\"fr-FR\",\"potentialAction\":[{\"@type\":\"ReadAction\",\"target\":[\"https:\\\/\\\/b2rhconseil.com\\\/index.php\\\/laudit-initial-qualiopi\\\/\"]}]},{\"@type\":\"ImageObject\",\"inLanguage\":\"fr-FR\",\"@id\":\"https:\\\/\\\/b2rhconseil.com\\\/index.php\\\/laudit-initial-qualiopi\\\/#primaryimage\",\"url\":\"http:\\\/\\\/hgoyopv.cluster028.hosting.ovh.net\\\/wp-content\\\/uploads\\\/2022\\\/10\\\/les-etapes-audit-qualiopi.png\",\"contentUrl\":\"http:\\\/\\\/hgoyopv.cluster028.hosting.ovh.net\\\/wp-content\\\/uploads\\\/2022\\\/10\\\/les-etapes-audit-qualiopi.png\"},{\"@type\":\"BreadcrumbList\",\"@id\":\"https:\\\/\\\/b2rhconseil.com\\\/index.php\\\/laudit-initial-qualiopi\\\/#breadcrumb\",\"itemListElement\":[{\"@type\":\"ListItem\",\"position\":1,\"name\":\"Home\",\"item\":\"https:\\\/\\\/b2rhconseil.com\\\/\"},{\"@type\":\"ListItem\",\"position\":2,\"name\":\"L\u2019audit initial et de surveillance Qualiopi\"}]},{\"@type\":\"WebSite\",\"@id\":\"https:\\\/\\\/b2rhconseil.com\\\/#website\",\"url\":\"https:\\\/\\\/b2rhconseil.com\\\/\",\"name\":\"B2 RH Conseil\",\"description\":\"Cabinet RH au service des entreprises et organismes de formation\",\"publisher\":{\"@id\":\"https:\\\/\\\/b2rhconseil.com\\\/#organization\"},\"potentialAction\":[{\"@type\":\"SearchAction\",\"target\":{\"@type\":\"EntryPoint\",\"urlTemplate\":\"https:\\\/\\\/b2rhconseil.com\\\/?s={search_term_string}\"},\"query-input\":{\"@type\":\"PropertyValueSpecification\",\"valueRequired\":true,\"valueName\":\"search_term_string\"}}],\"inLanguage\":\"fr-FR\"},{\"@type\":\"Organization\",\"@id\":\"https:\\\/\\\/b2rhconseil.com\\\/#organization\",\"name\":\"B2 RH Conseil\",\"url\":\"https:\\\/\\\/b2rhconseil.com\\\/\",\"logo\":{\"@type\":\"ImageObject\",\"inLanguage\":\"fr-FR\",\"@id\":\"https:\\\/\\\/b2rhconseil.com\\\/#\\\/schema\\\/logo\\\/image\\\/\",\"url\":\"https:\\\/\\\/b2rhconseil.com\\\/wp-content\\\/uploads\\\/2023\\\/01\\\/cropped-logo-web.jpg\",\"contentUrl\":\"https:\\\/\\\/b2rhconseil.com\\\/wp-content\\\/uploads\\\/2023\\\/01\\\/cropped-logo-web.jpg\",\"width\":153,\"height\":104,\"caption\":\"B2 RH Conseil\"},\"image\":{\"@id\":\"https:\\\/\\\/b2rhconseil.com\\\/#\\\/schema\\\/logo\\\/image\\\/\"},\"sameAs\":[\"https:\\\/\\\/www.facebook.com\\\/BeatriceBenazetMaury\",\"https:\\\/\\\/www.linkedin.com\\\/in\\\/beatrice-benazet\\\/\"]}]}<\/script>\n<!-- \/ Yoast SEO plugin. -->","yoast_head_json":{"title":"L\u2019audit initial et de surveillance Qualiopi - B2 RH Conseil","robots":{"index":"index","follow":"follow","max-snippet":"max-snippet:-1","max-image-preview":"max-image-preview:large","max-video-preview":"max-video-preview:-1"},"canonical":"https:\/\/b2rhconseil.com\/index.php\/laudit-initial-qualiopi\/","og_locale":"fr_FR","og_type":"article","og_title":"L\u2019audit initial et de surveillance Qualiopi - B2 RH Conseil","og_description":"Nous vous proposons un accompagnement en 4 phases sur une dur\u00e9e n\u00e9goci\u00e9e avec vous. Un accompagnement personnalis\u00e9 Accompagnement sur vos processus Votre r\u00e9f\u00e9rent vous accompagnera tout au long de la d\u00e9marche dans la mise en oeuvre de vos processus. La prestation se r\u00e9alise 100% \u00e0 distance. Sur la r\u00e9gion d&rsquo;Aix en Provence, la prestation peut [&hellip;]","og_url":"https:\/\/b2rhconseil.com\/index.php\/laudit-initial-qualiopi\/","og_site_name":"B2 RH Conseil","article_publisher":"https:\/\/www.facebook.com\/BeatriceBenazetMaury","article_modified_time":"2022-11-12T09:30:23+00:00","og_image":[{"url":"http:\/\/hgoyopv.cluster028.hosting.ovh.net\/wp-content\/uploads\/2022\/10\/les-etapes-audit-qualiopi.png","type":"","width":"","height":""}],"twitter_card":"summary_large_image","twitter_misc":{"Dur\u00e9e de lecture estim\u00e9e":"1 minute"},"schema":{"@context":"https:\/\/schema.org","@graph":[{"@type":"WebPage","@id":"https:\/\/b2rhconseil.com\/index.php\/laudit-initial-qualiopi\/","url":"https:\/\/b2rhconseil.com\/index.php\/laudit-initial-qualiopi\/","name":"L\u2019audit initial et de surveillance Qualiopi - B2 RH Conseil","isPartOf":{"@id":"https:\/\/b2rhconseil.com\/#website"},"primaryImageOfPage":{"@id":"https:\/\/b2rhconseil.com\/index.php\/laudit-initial-qualiopi\/#primaryimage"},"image":{"@id":"https:\/\/b2rhconseil.com\/index.php\/laudit-initial-qualiopi\/#primaryimage"},"thumbnailUrl":"http:\/\/hgoyopv.cluster028.hosting.ovh.net\/wp-content\/uploads\/2022\/10\/les-etapes-audit-qualiopi.png","datePublished":"2022-11-11T08:53:13+00:00","dateModified":"2022-11-12T09:30:23+00:00","breadcrumb":{"@id":"https:\/\/b2rhconseil.com\/index.php\/laudit-initial-qualiopi\/#breadcrumb"},"inLanguage":"fr-FR","potentialAction":[{"@type":"ReadAction","target":["https:\/\/b2rhconseil.com\/index.php\/laudit-initial-qualiopi\/"]}]},{"@type":"ImageObject","inLanguage":"fr-FR","@id":"https:\/\/b2rhconseil.com\/index.php\/laudit-initial-qualiopi\/#primaryimage","url":"http:\/\/hgoyopv.cluster028.hosting.ovh.net\/wp-content\/uploads\/2022\/10\/les-etapes-audit-qualiopi.png","contentUrl":"http:\/\/hgoyopv.cluster028.hosting.ovh.net\/wp-content\/uploads\/2022\/10\/les-etapes-audit-qualiopi.png"},{"@type":"BreadcrumbList","@id":"https:\/\/b2rhconseil.com\/index.php\/laudit-initial-qualiopi\/#breadcrumb","itemListElement":[{"@type":"ListItem","position":1,"name":"Home","item":"https:\/\/b2rhconseil.com\/"},{"@type":"ListItem","position":2,"name":"L\u2019audit initial et de surveillance Qualiopi"}]},{"@type":"WebSite","@id":"https:\/\/b2rhconseil.com\/#website","url":"https:\/\/b2rhconseil.com\/","name":"B2 RH Conseil","description":"Cabinet RH au service des entreprises et organismes de formation","publisher":{"@id":"https:\/\/b2rhconseil.com\/#organization"},"potentialAction":[{"@type":"SearchAction","target":{"@type":"EntryPoint","urlTemplate":"https:\/\/b2rhconseil.com\/?s={search_term_string}"},"query-input":{"@type":"PropertyValueSpecification","valueRequired":true,"valueName":"search_term_string"}}],"inLanguage":"fr-FR"},{"@type":"Organization","@id":"https:\/\/b2rhconseil.com\/#organization","name":"B2 RH Conseil","url":"https:\/\/b2rhconseil.com\/","logo":{"@type":"ImageObject","inLanguage":"fr-FR","@id":"https:\/\/b2rhconseil.com\/#\/schema\/logo\/image\/","url":"https:\/\/b2rhconseil.com\/wp-content\/uploads\/2023\/01\/cropped-logo-web.jpg","contentUrl":"https:\/\/b2rhconseil.com\/wp-content\/uploads\/2023\/01\/cropped-logo-web.jpg","width":153,"height":104,"caption":"B2 RH Conseil"},"image":{"@id":"https:\/\/b2rhconseil.com\/#\/schema\/logo\/image\/"},"sameAs":["https:\/\/www.facebook.com\/BeatriceBenazetMaury","https:\/\/www.linkedin.com\/in\/beatrice-benazet\/"]}]}},"_links":{"self":[{"href":"https:\/\/b2rhconseil.com\/index.php\/wp-json\/wp\/v2\/pages\/390","targetHints":{"allow":["GET"]}}],"collection":[{"href":"https:\/\/b2rhconseil.com\/index.php\/wp-json\/wp\/v2\/pages"}],"about":[{"href":"https:\/\/b2rhconseil.com\/index.php\/wp-json\/wp\/v2\/types\/page"}],"author":[{"embeddable":true,"href":"https:\/\/b2rhconseil.com\/index.php\/wp-json\/wp\/v2\/users\/1"}],"replies":[{"embeddable":true,"href":"https:\/\/b2rhconseil.com\/index.php\/wp-json\/wp\/v2\/comments?post=390"}],"version-history":[{"count":10,"href":"https:\/\/b2rhconseil.com\/index.php\/wp-json\/wp\/v2\/pages\/390\/revisions"}],"predecessor-version":[{"id":505,"href":"https:\/\/b2rhconseil.com\/index.php\/wp-json\/wp\/v2\/pages\/390\/revisions\/505"}],"wp:attachment":[{"href":"https:\/\/b2rhconseil.com\/index.php\/wp-json\/wp\/v2\/media?parent=390"}],"curies":[{"name":"wp","href":"https:\/\/api.w.org\/{rel}","templated":true}]}}