{"id":359,"date":"2022-11-11T09:05:46","date_gmt":"2022-11-11T08:05:46","guid":{"rendered":"http:\/\/b2rhconseil.com\/?page_id=359"},"modified":"2022-11-11T10:10:45","modified_gmt":"2022-11-11T09:10:45","slug":"creer-son-organisme-de-formation","status":"publish","type":"page","link":"https:\/\/b2rhconseil.com\/index.php\/creer-son-organisme-de-formation\/","title":{"rendered":"Cr\u00e9er son organisme de formation"},"content":{"rendered":"\n<p><font _mstmutation=\"1\" _msthash=\"993525\"><\/p>\n\n\n\n<h3 class=\"wp-block-heading\"><strong><font color=\"#F0A00C\" \"=\"\">Vous souhaitez cr\u00e9er votre organisme de formation ?<\/font><\/strong><\/h3>\n\n\n\n<p>Le site officiel de l\u2019administration fran\u00e7aise&nbsp;<a href=\"https:\/\/www.service-public.fr\/\">service-public.fr<\/a>&nbsp;informe que \u00ab&nbsp;toute personne qui r\u00e9alise des prestations de formation professionnelle continue doit d\u00e9poser une d\u00e9claration initiale d\u2019activit\u00e9 en pr\u00e9fecture et transmettre tous les ans un bilan p\u00e9dagogique et financier&nbsp;\u00bb.<\/p>\n\n\n\n<p>Pour d\u00e9marrer vos d\u00e9marches, vous pouvez consulter le site&nbsp;:&nbsp;<a href=\"https:\/\/mesdemarches.emploi.gouv.fr\/\">https:\/\/mesdemarches.emploi.gouv.fr\/<\/a><\/p>\n\n\n\n<br><\/br>\n\n\n\n<figure class=\"wp-block-image size-large\"><img loading=\"lazy\" decoding=\"async\" width=\"1024\" height=\"683\" src=\"http:\/\/b2rhconseil.com\/wp-content\/uploads\/2022\/11\/chairs-gf3dd5cf78_1920-1024x683.jpg\" alt=\"\" class=\"wp-image-365\" srcset=\"https:\/\/b2rhconseil.com\/wp-content\/uploads\/2022\/11\/chairs-gf3dd5cf78_1920-1024x683.jpg 1024w, https:\/\/b2rhconseil.com\/wp-content\/uploads\/2022\/11\/chairs-gf3dd5cf78_1920-300x200.jpg 300w, https:\/\/b2rhconseil.com\/wp-content\/uploads\/2022\/11\/chairs-gf3dd5cf78_1920-768x512.jpg 768w, https:\/\/b2rhconseil.com\/wp-content\/uploads\/2022\/11\/chairs-gf3dd5cf78_1920-1536x1025.jpg 1536w, https:\/\/b2rhconseil.com\/wp-content\/uploads\/2022\/11\/chairs-gf3dd5cf78_1920.jpg 1920w\" sizes=\"auto, (max-width: 1024px) 100vw, 1024px\" \/><figcaption class=\"wp-element-caption\"><font _mstmutation=\"1\" _msthash=\"725946\"><\/figcaption><\/figure>\n\n\n\n<h3><strong><font color=\"#F0A00C\" \"=\"\">Vous souhaitez un accompagnement ?<\/font><\/strong><\/h3>\n\n\n\n<p>Notre soci\u00e9t\u00e9 peut vous accompagner pour cette \u00e9tape de cr\u00e9ation de votre organisme de formation. D\u00e8s le d\u00e9marrage de votre projet, B2 RH Conseil vous aide \u00e0 obtenir votre Num\u00e9ro de D\u00e9claration d\u2019Activit\u00e9 (NDA) aupr\u00e8s de la Dreets de votre r\u00e9gion.<\/p>\n\n\n\n<p>Nous pouvons vous proposer un accompagnement personnalis\u00e9 afin de vous garantir l\u2019obtention de votre num\u00e9ro d\u2019activit\u00e9. Pour aller plus loin, B2 RH Conseil et son partenaire AS-2C, vous propose un parcours de formation sp\u00e9cifique aux cr\u00e9ateurs d\u2019organismes de formation afin de s\u00e9curiser votre activit\u00e9.<\/p>\n\n\n\n<p>Plus d\u2019informations <strong>notre page Formations<\/strong>.<\/p>\n\n\n<div class=\"wp-block-image\">\n<figure class=\"aligncenter size-full\"><a href=\"http:\/\/b2rhconseil.com\/index.php\/contact\/\" target=\"_blank\" rel=\"noreferrer noopener\"><img loading=\"lazy\" decoding=\"async\" width=\"450\" height=\"105\" src=\"http:\/\/b2rhconseil.com\/wp-content\/uploads\/2022\/11\/demander-un-devi.png\" alt=\"\" class=\"wp-image-299\" srcset=\"https:\/\/b2rhconseil.com\/wp-content\/uploads\/2022\/11\/demander-un-devi.png 450w, https:\/\/b2rhconseil.com\/wp-content\/uploads\/2022\/11\/demander-un-devi-300x70.png 300w\" sizes=\"auto, (max-width: 450px) 100vw, 450px\" \/><\/a><figcaption class=\"wp-element-caption\"><font _mstmutation=\"1\" _msthash=\"686764\"><\/font><\/figcaption><\/figure>\n<\/div>","protected":false},"excerpt":{"rendered":"<p class=\"qua-blog-post-description\">Vous souhaitez un accompagnement ? Notre soci\u00e9t\u00e9 peut vous accompagner pour cette \u00e9tape de cr\u00e9ation de votre organisme de formation. D\u00e8s le d\u00e9marrage de votre projet, B2 RH Conseil vous aide \u00e0 obtenir votre Num\u00e9ro de D\u00e9claration d\u2019Activit\u00e9 (NDA) aupr\u00e8s de la Dreets de votre r\u00e9gion. Nous pouvons vous proposer un accompagnement personnalis\u00e9 afin de [&hellip;]<\/p>\n","protected":false},"author":1,"featured_media":0,"parent":0,"menu_order":0,"comment_status":"closed","ping_status":"closed","template":"","meta":{"footnotes":""},"class_list":["post-359","page","type-page","status-publish","hentry"],"yoast_head":"<!-- This site is optimized with the Yoast SEO plugin v27.4 - https:\/\/yoast.com\/product\/yoast-seo-wordpress\/ -->\n<title>Cr\u00e9er son organisme de formation - B2 RH Conseil<\/title>\n<meta name=\"robots\" content=\"index, follow, max-snippet:-1, max-image-preview:large, max-video-preview:-1\" \/>\n<link rel=\"canonical\" href=\"https:\/\/b2rhconseil.com\/index.php\/creer-son-organisme-de-formation\/\" \/>\n<meta property=\"og:locale\" content=\"fr_FR\" \/>\n<meta property=\"og:type\" content=\"article\" \/>\n<meta property=\"og:title\" content=\"Cr\u00e9er son organisme de formation - B2 RH Conseil\" \/>\n<meta property=\"og:description\" content=\"Vous souhaitez un accompagnement ? Notre soci\u00e9t\u00e9 peut vous accompagner pour cette \u00e9tape de cr\u00e9ation de votre organisme de formation. D\u00e8s le d\u00e9marrage de votre projet, B2 RH Conseil vous aide \u00e0 obtenir votre Num\u00e9ro de D\u00e9claration d\u2019Activit\u00e9 (NDA) aupr\u00e8s de la Dreets de votre r\u00e9gion. Nous pouvons vous proposer un accompagnement personnalis\u00e9 afin de [&hellip;]\" \/>\n<meta property=\"og:url\" content=\"https:\/\/b2rhconseil.com\/index.php\/creer-son-organisme-de-formation\/\" \/>\n<meta property=\"og:site_name\" content=\"B2 RH Conseil\" \/>\n<meta property=\"article:publisher\" content=\"https:\/\/www.facebook.com\/BeatriceBenazetMaury\" \/>\n<meta property=\"article:modified_time\" content=\"2022-11-11T09:10:45+00:00\" \/>\n<meta property=\"og:image\" content=\"http:\/\/b2rhconseil.com\/wp-content\/uploads\/2022\/11\/chairs-gf3dd5cf78_1920-1024x683.jpg\" \/>\n<meta name=\"twitter:card\" content=\"summary_large_image\" \/>\n<script type=\"application\/ld+json\" class=\"yoast-schema-graph\">{\"@context\":\"https:\\\/\\\/schema.org\",\"@graph\":[{\"@type\":\"WebPage\",\"@id\":\"https:\\\/\\\/b2rhconseil.com\\\/index.php\\\/creer-son-organisme-de-formation\\\/\",\"url\":\"https:\\\/\\\/b2rhconseil.com\\\/index.php\\\/creer-son-organisme-de-formation\\\/\",\"name\":\"Cr\u00e9er son organisme de formation - B2 RH Conseil\",\"isPartOf\":{\"@id\":\"https:\\\/\\\/b2rhconseil.com\\\/#website\"},\"primaryImageOfPage\":{\"@id\":\"https:\\\/\\\/b2rhconseil.com\\\/index.php\\\/creer-son-organisme-de-formation\\\/#primaryimage\"},\"image\":{\"@id\":\"https:\\\/\\\/b2rhconseil.com\\\/index.php\\\/creer-son-organisme-de-formation\\\/#primaryimage\"},\"thumbnailUrl\":\"http:\\\/\\\/b2rhconseil.com\\\/wp-content\\\/uploads\\\/2022\\\/11\\\/chairs-gf3dd5cf78_1920-1024x683.jpg\",\"datePublished\":\"2022-11-11T08:05:46+00:00\",\"dateModified\":\"2022-11-11T09:10:45+00:00\",\"breadcrumb\":{\"@id\":\"https:\\\/\\\/b2rhconseil.com\\\/index.php\\\/creer-son-organisme-de-formation\\\/#breadcrumb\"},\"inLanguage\":\"fr-FR\",\"potentialAction\":[{\"@type\":\"ReadAction\",\"target\":[\"https:\\\/\\\/b2rhconseil.com\\\/index.php\\\/creer-son-organisme-de-formation\\\/\"]}]},{\"@type\":\"ImageObject\",\"inLanguage\":\"fr-FR\",\"@id\":\"https:\\\/\\\/b2rhconseil.com\\\/index.php\\\/creer-son-organisme-de-formation\\\/#primaryimage\",\"url\":\"https:\\\/\\\/b2rhconseil.com\\\/wp-content\\\/uploads\\\/2022\\\/11\\\/chairs-gf3dd5cf78_1920.jpg\",\"contentUrl\":\"https:\\\/\\\/b2rhconseil.com\\\/wp-content\\\/uploads\\\/2022\\\/11\\\/chairs-gf3dd5cf78_1920.jpg\",\"width\":1920,\"height\":1281},{\"@type\":\"BreadcrumbList\",\"@id\":\"https:\\\/\\\/b2rhconseil.com\\\/index.php\\\/creer-son-organisme-de-formation\\\/#breadcrumb\",\"itemListElement\":[{\"@type\":\"ListItem\",\"position\":1,\"name\":\"Home\",\"item\":\"https:\\\/\\\/b2rhconseil.com\\\/\"},{\"@type\":\"ListItem\",\"position\":2,\"name\":\"Cr\u00e9er son organisme de formation\"}]},{\"@type\":\"WebSite\",\"@id\":\"https:\\\/\\\/b2rhconseil.com\\\/#website\",\"url\":\"https:\\\/\\\/b2rhconseil.com\\\/\",\"name\":\"B2 RH Conseil\",\"description\":\"Cabinet RH au service des entreprises et organismes de formation\",\"publisher\":{\"@id\":\"https:\\\/\\\/b2rhconseil.com\\\/#organization\"},\"potentialAction\":[{\"@type\":\"SearchAction\",\"target\":{\"@type\":\"EntryPoint\",\"urlTemplate\":\"https:\\\/\\\/b2rhconseil.com\\\/?s={search_term_string}\"},\"query-input\":{\"@type\":\"PropertyValueSpecification\",\"valueRequired\":true,\"valueName\":\"search_term_string\"}}],\"inLanguage\":\"fr-FR\"},{\"@type\":\"Organization\",\"@id\":\"https:\\\/\\\/b2rhconseil.com\\\/#organization\",\"name\":\"B2 RH Conseil\",\"url\":\"https:\\\/\\\/b2rhconseil.com\\\/\",\"logo\":{\"@type\":\"ImageObject\",\"inLanguage\":\"fr-FR\",\"@id\":\"https:\\\/\\\/b2rhconseil.com\\\/#\\\/schema\\\/logo\\\/image\\\/\",\"url\":\"https:\\\/\\\/b2rhconseil.com\\\/wp-content\\\/uploads\\\/2023\\\/01\\\/cropped-logo-web.jpg\",\"contentUrl\":\"https:\\\/\\\/b2rhconseil.com\\\/wp-content\\\/uploads\\\/2023\\\/01\\\/cropped-logo-web.jpg\",\"width\":153,\"height\":104,\"caption\":\"B2 RH Conseil\"},\"image\":{\"@id\":\"https:\\\/\\\/b2rhconseil.com\\\/#\\\/schema\\\/logo\\\/image\\\/\"},\"sameAs\":[\"https:\\\/\\\/www.facebook.com\\\/BeatriceBenazetMaury\",\"https:\\\/\\\/www.linkedin.com\\\/in\\\/beatrice-benazet\\\/\"]}]}<\/script>\n<!-- \/ Yoast SEO plugin. -->","yoast_head_json":{"title":"Cr\u00e9er son organisme de formation - B2 RH Conseil","robots":{"index":"index","follow":"follow","max-snippet":"max-snippet:-1","max-image-preview":"max-image-preview:large","max-video-preview":"max-video-preview:-1"},"canonical":"https:\/\/b2rhconseil.com\/index.php\/creer-son-organisme-de-formation\/","og_locale":"fr_FR","og_type":"article","og_title":"Cr\u00e9er son organisme de formation - B2 RH Conseil","og_description":"Vous souhaitez un accompagnement ? Notre soci\u00e9t\u00e9 peut vous accompagner pour cette \u00e9tape de cr\u00e9ation de votre organisme de formation. D\u00e8s le d\u00e9marrage de votre projet, B2 RH Conseil vous aide \u00e0 obtenir votre Num\u00e9ro de D\u00e9claration d\u2019Activit\u00e9 (NDA) aupr\u00e8s de la Dreets de votre r\u00e9gion. Nous pouvons vous proposer un accompagnement personnalis\u00e9 afin de [&hellip;]","og_url":"https:\/\/b2rhconseil.com\/index.php\/creer-son-organisme-de-formation\/","og_site_name":"B2 RH Conseil","article_publisher":"https:\/\/www.facebook.com\/BeatriceBenazetMaury","article_modified_time":"2022-11-11T09:10:45+00:00","og_image":[{"url":"http:\/\/b2rhconseil.com\/wp-content\/uploads\/2022\/11\/chairs-gf3dd5cf78_1920-1024x683.jpg","type":"","width":"","height":""}],"twitter_card":"summary_large_image","schema":{"@context":"https:\/\/schema.org","@graph":[{"@type":"WebPage","@id":"https:\/\/b2rhconseil.com\/index.php\/creer-son-organisme-de-formation\/","url":"https:\/\/b2rhconseil.com\/index.php\/creer-son-organisme-de-formation\/","name":"Cr\u00e9er son organisme de formation - B2 RH Conseil","isPartOf":{"@id":"https:\/\/b2rhconseil.com\/#website"},"primaryImageOfPage":{"@id":"https:\/\/b2rhconseil.com\/index.php\/creer-son-organisme-de-formation\/#primaryimage"},"image":{"@id":"https:\/\/b2rhconseil.com\/index.php\/creer-son-organisme-de-formation\/#primaryimage"},"thumbnailUrl":"http:\/\/b2rhconseil.com\/wp-content\/uploads\/2022\/11\/chairs-gf3dd5cf78_1920-1024x683.jpg","datePublished":"2022-11-11T08:05:46+00:00","dateModified":"2022-11-11T09:10:45+00:00","breadcrumb":{"@id":"https:\/\/b2rhconseil.com\/index.php\/creer-son-organisme-de-formation\/#breadcrumb"},"inLanguage":"fr-FR","potentialAction":[{"@type":"ReadAction","target":["https:\/\/b2rhconseil.com\/index.php\/creer-son-organisme-de-formation\/"]}]},{"@type":"ImageObject","inLanguage":"fr-FR","@id":"https:\/\/b2rhconseil.com\/index.php\/creer-son-organisme-de-formation\/#primaryimage","url":"https:\/\/b2rhconseil.com\/wp-content\/uploads\/2022\/11\/chairs-gf3dd5cf78_1920.jpg","contentUrl":"https:\/\/b2rhconseil.com\/wp-content\/uploads\/2022\/11\/chairs-gf3dd5cf78_1920.jpg","width":1920,"height":1281},{"@type":"BreadcrumbList","@id":"https:\/\/b2rhconseil.com\/index.php\/creer-son-organisme-de-formation\/#breadcrumb","itemListElement":[{"@type":"ListItem","position":1,"name":"Home","item":"https:\/\/b2rhconseil.com\/"},{"@type":"ListItem","position":2,"name":"Cr\u00e9er son organisme de formation"}]},{"@type":"WebSite","@id":"https:\/\/b2rhconseil.com\/#website","url":"https:\/\/b2rhconseil.com\/","name":"B2 RH Conseil","description":"Cabinet RH au service des entreprises et organismes de formation","publisher":{"@id":"https:\/\/b2rhconseil.com\/#organization"},"potentialAction":[{"@type":"SearchAction","target":{"@type":"EntryPoint","urlTemplate":"https:\/\/b2rhconseil.com\/?s={search_term_string}"},"query-input":{"@type":"PropertyValueSpecification","valueRequired":true,"valueName":"search_term_string"}}],"inLanguage":"fr-FR"},{"@type":"Organization","@id":"https:\/\/b2rhconseil.com\/#organization","name":"B2 RH Conseil","url":"https:\/\/b2rhconseil.com\/","logo":{"@type":"ImageObject","inLanguage":"fr-FR","@id":"https:\/\/b2rhconseil.com\/#\/schema\/logo\/image\/","url":"https:\/\/b2rhconseil.com\/wp-content\/uploads\/2023\/01\/cropped-logo-web.jpg","contentUrl":"https:\/\/b2rhconseil.com\/wp-content\/uploads\/2023\/01\/cropped-logo-web.jpg","width":153,"height":104,"caption":"B2 RH Conseil"},"image":{"@id":"https:\/\/b2rhconseil.com\/#\/schema\/logo\/image\/"},"sameAs":["https:\/\/www.facebook.com\/BeatriceBenazetMaury","https:\/\/www.linkedin.com\/in\/beatrice-benazet\/"]}]}},"_links":{"self":[{"href":"https:\/\/b2rhconseil.com\/index.php\/wp-json\/wp\/v2\/pages\/359","targetHints":{"allow":["GET"]}}],"collection":[{"href":"https:\/\/b2rhconseil.com\/index.php\/wp-json\/wp\/v2\/pages"}],"about":[{"href":"https:\/\/b2rhconseil.com\/index.php\/wp-json\/wp\/v2\/types\/page"}],"author":[{"embeddable":true,"href":"https:\/\/b2rhconseil.com\/index.php\/wp-json\/wp\/v2\/users\/1"}],"replies":[{"embeddable":true,"href":"https:\/\/b2rhconseil.com\/index.php\/wp-json\/wp\/v2\/comments?post=359"}],"version-history":[{"count":8,"href":"https:\/\/b2rhconseil.com\/index.php\/wp-json\/wp\/v2\/pages\/359\/revisions"}],"predecessor-version":[{"id":407,"href":"https:\/\/b2rhconseil.com\/index.php\/wp-json\/wp\/v2\/pages\/359\/revisions\/407"}],"wp:attachment":[{"href":"https:\/\/b2rhconseil.com\/index.php\/wp-json\/wp\/v2\/media?parent=359"}],"curies":[{"name":"wp","href":"https:\/\/api.w.org\/{rel}","templated":true}]}}