{"id":308,"date":"2022-11-01T11:16:46","date_gmt":"2022-11-01T10:16:46","guid":{"rendered":"http:\/\/hgoyopv.cluster028.hosting.ovh.net\/?page_id=308"},"modified":"2022-11-12T10:29:14","modified_gmt":"2022-11-12T09:29:14","slug":"accompagnement-a-la-certification-qualiopi","status":"publish","type":"page","link":"https:\/\/b2rhconseil.com\/index.php\/accompagnement-a-la-certification-qualiopi\/","title":{"rendered":"Accompagnement \u00e0 la certification Qualiopi"},"content":{"rendered":"\n<h3 class=\"wp-block-heading\"><strong><font color=\"#F0A00C\">Organismes de formation \/ Consultant \/ Formateur ind\u00e9pendant \/ Entreprise<\/font><\/strong><\/h3>\n\n\n\n<p class=\"has-text-align-left\"><strong>Depuis le 1er janvier  2022,<\/strong>&nbsp;les organismes de formation doivent r\u00e9pondre aux dispositions du d\u00e9cret N\u00b02019-565 du 6 juin 2019 relatif au r\u00e9f\u00e9rentiel national sur la qualit\u00e9 des actions concourant aux d\u00e9veloppement des comp\u00e9tences. Pour que vos clients puissent continuer \u00e0 se faire financer leurs formations par les fonds publics ou mutualis\u00e9s par leur Opco, vous devez \u00eatre certifi\u00e9 Qualiopi.<\/p>\n\n\n<div class=\"wp-block-image\">\n<figure class=\"aligncenter size-large is-resized\"><img loading=\"lazy\" decoding=\"async\" src=\"http:\/\/hgoyopv.cluster028.hosting.ovh.net\/wp-content\/uploads\/2022\/11\/Audit-3-ans-1-1024x338.png\" alt=\"\" class=\"wp-image-313\" width=\"584\" height=\"193\" srcset=\"https:\/\/b2rhconseil.com\/wp-content\/uploads\/2022\/11\/Audit-3-ans-1-1024x338.png 1024w, https:\/\/b2rhconseil.com\/wp-content\/uploads\/2022\/11\/Audit-3-ans-1-300x99.png 300w, https:\/\/b2rhconseil.com\/wp-content\/uploads\/2022\/11\/Audit-3-ans-1-768x254.png 768w, https:\/\/b2rhconseil.com\/wp-content\/uploads\/2022\/11\/Audit-3-ans-1-1536x508.png 1536w, https:\/\/b2rhconseil.com\/wp-content\/uploads\/2022\/11\/Audit-3-ans-1-2048x677.png 2048w\" sizes=\"auto, (max-width: 584px) 100vw, 584px\" \/><\/figure>\n<\/div>\n\n\n<p>Nous vous accompagnons pour vous pr\u00e9parer \u00e0 l&rsquo;audit initial, de surveillance ou l&rsquo;audit de renouvellement qui seront \u00e0 planifier entre :<\/p>\n\n\n\n<ul class=\"wp-block-list\">\n<li>Pour les organismes certifi\u00e9s <strong _istranslated=\"1\">avant<\/strong> le 1er janvier 2021 (dur\u00e9e du certificat sur <strong _istranslated=\"1\">4 ans<\/strong>) : l\u2019audit de surveillance est \u00e0 programmer entre le 14\u00e8me et le 28\u00e8me mois suivant l\u2019audit initial. Pour les organismes certifi\u00e9s \u00e0 partir du 1er janvier 2021 (dur\u00e9e du certificat sur <strong _istranslated=\"1\">3 ans<\/strong>) : l\u2019audit de surveillance est \u00e0 programmer entre le 14\u00e8me et le 22\u00e8me mois.<\/li>\n<\/ul>\n\n\n\n<ul class=\"wp-block-list\">\n<li>Pour l\u2019audit de renouvellement, il doit \u00eatre planifi\u00e9 avant la date anniversaire de votre audit initial.<\/li>\n<\/ul>\n\n\n\n<br><br>\n\n\n\n<h3 class=\"wp-block-heading\"><strong><font color=\"#F0A00C\" _msthash=\"1096902\" _msttexthash=\"1239888\">Comment se passe un accompagnement \u00e0 l&rsquo;audit Qualiopi ?<\/font><\/strong> <\/h3>\n\n\n\n<p><font _mstmutation=\"1\" _msthash=\"1037701\"><\/p>\n\n\n\n<p><font _mstmutation=\"1\" _msthash=\"1069965\"><\/p>\n\n\n\n<p><font _mstmutation=\"1\" _msthash=\"954473\"><\/font><\/p>\n\n\n<figure class=\"wp-block-image aligncenter size-large is-resized\"><a href=\"http:\/\/b2rhconseil.com\/index.php\/laudit-initial-qualiopi\/\" target=\"_blank\" rel=\"noreferrer noopener\"><img loading=\"lazy\" decoding=\"async\" class=\"wp-image-383\" src=\"http:\/\/b2rhconseil.com\/wp-content\/uploads\/2022\/11\/schema-accompagnement-audit-1-1024x476.png\" alt=\"\" width=\"670\" height=\"311\" srcset=\"https:\/\/b2rhconseil.com\/wp-content\/uploads\/2022\/11\/schema-accompagnement-audit-1-1024x476.png 1024w, https:\/\/b2rhconseil.com\/wp-content\/uploads\/2022\/11\/schema-accompagnement-audit-1-300x139.png 300w, https:\/\/b2rhconseil.com\/wp-content\/uploads\/2022\/11\/schema-accompagnement-audit-1-768x357.png 768w, https:\/\/b2rhconseil.com\/wp-content\/uploads\/2022\/11\/schema-accompagnement-audit-1-1536x713.png 1536w, https:\/\/b2rhconseil.com\/wp-content\/uploads\/2022\/11\/schema-accompagnement-audit-1-2048x951.png 2048w\" sizes=\"auto, (max-width: 670px) 100vw, 670px\" \/><\/a><figcaption class=\"wp-element-caption\"><\/figcaption><\/figure>\n<p><font _mstmutation=\"1\" _msthash=\"1052064\"><\/font><\/p>\n\n\n<p><a href=\"http:\/\/b2rhconseil.com\/index.php\/laudit-initial-qualiopi\/\" data-type=\"page\" data-id=\"390\">Plus d\u2019informations sur l\u2019accompagnement<\/a>  Qualiopi :<font _mstmutation=\"1\" _msthash=\"1127204\"><strong _msttexthash=\"13527202\"> initial et surveillance<\/strong><\/font>.<\/p>\n","protected":false},"excerpt":{"rendered":"<p class=\"qua-blog-post-description\">Organismes de formation \/ Consultant \/ Formateur ind\u00e9pendant \/ Entreprise Depuis le 1er janvier 2022,&nbsp;les organismes de formation doivent r\u00e9pondre aux dispositions du d\u00e9cret N\u00b02019-565 du 6 juin 2019 relatif au r\u00e9f\u00e9rentiel national sur la qualit\u00e9 des actions concourant aux d\u00e9veloppement des comp\u00e9tences. Pour que vos clients puissent continuer \u00e0 se faire financer leurs formations [&hellip;]<\/p>\n","protected":false},"author":1,"featured_media":0,"parent":0,"menu_order":0,"comment_status":"closed","ping_status":"closed","template":"","meta":{"footnotes":""},"class_list":["post-308","page","type-page","status-publish","hentry"],"yoast_head":"<!-- This site is optimized with the Yoast SEO plugin v27.4 - https:\/\/yoast.com\/product\/yoast-seo-wordpress\/ -->\n<title>Accompagnement \u00e0 la certification Qualiopi - B2 RH Conseil<\/title>\n<meta name=\"robots\" content=\"index, follow, max-snippet:-1, max-image-preview:large, max-video-preview:-1\" \/>\n<link rel=\"canonical\" href=\"https:\/\/b2rhconseil.com\/index.php\/accompagnement-a-la-certification-qualiopi\/\" \/>\n<meta property=\"og:locale\" content=\"fr_FR\" \/>\n<meta property=\"og:type\" content=\"article\" \/>\n<meta property=\"og:title\" content=\"Accompagnement \u00e0 la certification Qualiopi - B2 RH Conseil\" \/>\n<meta property=\"og:description\" content=\"Organismes de formation \/ Consultant \/ Formateur ind\u00e9pendant \/ Entreprise Depuis le 1er janvier 2022,&nbsp;les organismes de formation doivent r\u00e9pondre aux dispositions du d\u00e9cret N\u00b02019-565 du 6 juin 2019 relatif au r\u00e9f\u00e9rentiel national sur la qualit\u00e9 des actions concourant aux d\u00e9veloppement des comp\u00e9tences. Pour que vos clients puissent continuer \u00e0 se faire financer leurs formations [&hellip;]\" \/>\n<meta property=\"og:url\" content=\"https:\/\/b2rhconseil.com\/index.php\/accompagnement-a-la-certification-qualiopi\/\" \/>\n<meta property=\"og:site_name\" content=\"B2 RH Conseil\" \/>\n<meta property=\"article:publisher\" content=\"https:\/\/www.facebook.com\/BeatriceBenazetMaury\" \/>\n<meta property=\"article:modified_time\" content=\"2022-11-12T09:29:14+00:00\" \/>\n<meta property=\"og:image\" content=\"http:\/\/hgoyopv.cluster028.hosting.ovh.net\/wp-content\/uploads\/2022\/11\/Audit-3-ans-1-1024x338.png\" \/>\n<meta name=\"twitter:card\" content=\"summary_large_image\" \/>\n<meta name=\"twitter:label1\" content=\"Dur\u00e9e de lecture estim\u00e9e\" \/>\n\t<meta name=\"twitter:data1\" content=\"1 minute\" \/>\n<script type=\"application\/ld+json\" class=\"yoast-schema-graph\">{\"@context\":\"https:\\\/\\\/schema.org\",\"@graph\":[{\"@type\":\"WebPage\",\"@id\":\"https:\\\/\\\/b2rhconseil.com\\\/index.php\\\/accompagnement-a-la-certification-qualiopi\\\/\",\"url\":\"https:\\\/\\\/b2rhconseil.com\\\/index.php\\\/accompagnement-a-la-certification-qualiopi\\\/\",\"name\":\"Accompagnement \u00e0 la certification Qualiopi - B2 RH Conseil\",\"isPartOf\":{\"@id\":\"https:\\\/\\\/b2rhconseil.com\\\/#website\"},\"primaryImageOfPage\":{\"@id\":\"https:\\\/\\\/b2rhconseil.com\\\/index.php\\\/accompagnement-a-la-certification-qualiopi\\\/#primaryimage\"},\"image\":{\"@id\":\"https:\\\/\\\/b2rhconseil.com\\\/index.php\\\/accompagnement-a-la-certification-qualiopi\\\/#primaryimage\"},\"thumbnailUrl\":\"http:\\\/\\\/hgoyopv.cluster028.hosting.ovh.net\\\/wp-content\\\/uploads\\\/2022\\\/11\\\/Audit-3-ans-1-1024x338.png\",\"datePublished\":\"2022-11-01T10:16:46+00:00\",\"dateModified\":\"2022-11-12T09:29:14+00:00\",\"breadcrumb\":{\"@id\":\"https:\\\/\\\/b2rhconseil.com\\\/index.php\\\/accompagnement-a-la-certification-qualiopi\\\/#breadcrumb\"},\"inLanguage\":\"fr-FR\",\"potentialAction\":[{\"@type\":\"ReadAction\",\"target\":[\"https:\\\/\\\/b2rhconseil.com\\\/index.php\\\/accompagnement-a-la-certification-qualiopi\\\/\"]}]},{\"@type\":\"ImageObject\",\"inLanguage\":\"fr-FR\",\"@id\":\"https:\\\/\\\/b2rhconseil.com\\\/index.php\\\/accompagnement-a-la-certification-qualiopi\\\/#primaryimage\",\"url\":\"http:\\\/\\\/hgoyopv.cluster028.hosting.ovh.net\\\/wp-content\\\/uploads\\\/2022\\\/11\\\/Audit-3-ans-1-1024x338.png\",\"contentUrl\":\"http:\\\/\\\/hgoyopv.cluster028.hosting.ovh.net\\\/wp-content\\\/uploads\\\/2022\\\/11\\\/Audit-3-ans-1-1024x338.png\"},{\"@type\":\"BreadcrumbList\",\"@id\":\"https:\\\/\\\/b2rhconseil.com\\\/index.php\\\/accompagnement-a-la-certification-qualiopi\\\/#breadcrumb\",\"itemListElement\":[{\"@type\":\"ListItem\",\"position\":1,\"name\":\"Home\",\"item\":\"https:\\\/\\\/b2rhconseil.com\\\/\"},{\"@type\":\"ListItem\",\"position\":2,\"name\":\"Accompagnement \u00e0 la certification Qualiopi\"}]},{\"@type\":\"WebSite\",\"@id\":\"https:\\\/\\\/b2rhconseil.com\\\/#website\",\"url\":\"https:\\\/\\\/b2rhconseil.com\\\/\",\"name\":\"B2 RH Conseil\",\"description\":\"Cabinet RH au service des entreprises et organismes de formation\",\"publisher\":{\"@id\":\"https:\\\/\\\/b2rhconseil.com\\\/#organization\"},\"potentialAction\":[{\"@type\":\"SearchAction\",\"target\":{\"@type\":\"EntryPoint\",\"urlTemplate\":\"https:\\\/\\\/b2rhconseil.com\\\/?s={search_term_string}\"},\"query-input\":{\"@type\":\"PropertyValueSpecification\",\"valueRequired\":true,\"valueName\":\"search_term_string\"}}],\"inLanguage\":\"fr-FR\"},{\"@type\":\"Organization\",\"@id\":\"https:\\\/\\\/b2rhconseil.com\\\/#organization\",\"name\":\"B2 RH Conseil\",\"url\":\"https:\\\/\\\/b2rhconseil.com\\\/\",\"logo\":{\"@type\":\"ImageObject\",\"inLanguage\":\"fr-FR\",\"@id\":\"https:\\\/\\\/b2rhconseil.com\\\/#\\\/schema\\\/logo\\\/image\\\/\",\"url\":\"https:\\\/\\\/b2rhconseil.com\\\/wp-content\\\/uploads\\\/2023\\\/01\\\/cropped-logo-web.jpg\",\"contentUrl\":\"https:\\\/\\\/b2rhconseil.com\\\/wp-content\\\/uploads\\\/2023\\\/01\\\/cropped-logo-web.jpg\",\"width\":153,\"height\":104,\"caption\":\"B2 RH Conseil\"},\"image\":{\"@id\":\"https:\\\/\\\/b2rhconseil.com\\\/#\\\/schema\\\/logo\\\/image\\\/\"},\"sameAs\":[\"https:\\\/\\\/www.facebook.com\\\/BeatriceBenazetMaury\",\"https:\\\/\\\/www.linkedin.com\\\/in\\\/beatrice-benazet\\\/\"]}]}<\/script>\n<!-- \/ Yoast SEO plugin. -->","yoast_head_json":{"title":"Accompagnement \u00e0 la certification Qualiopi - B2 RH Conseil","robots":{"index":"index","follow":"follow","max-snippet":"max-snippet:-1","max-image-preview":"max-image-preview:large","max-video-preview":"max-video-preview:-1"},"canonical":"https:\/\/b2rhconseil.com\/index.php\/accompagnement-a-la-certification-qualiopi\/","og_locale":"fr_FR","og_type":"article","og_title":"Accompagnement \u00e0 la certification Qualiopi - B2 RH Conseil","og_description":"Organismes de formation \/ Consultant \/ Formateur ind\u00e9pendant \/ Entreprise Depuis le 1er janvier 2022,&nbsp;les organismes de formation doivent r\u00e9pondre aux dispositions du d\u00e9cret N\u00b02019-565 du 6 juin 2019 relatif au r\u00e9f\u00e9rentiel national sur la qualit\u00e9 des actions concourant aux d\u00e9veloppement des comp\u00e9tences. Pour que vos clients puissent continuer \u00e0 se faire financer leurs formations [&hellip;]","og_url":"https:\/\/b2rhconseil.com\/index.php\/accompagnement-a-la-certification-qualiopi\/","og_site_name":"B2 RH Conseil","article_publisher":"https:\/\/www.facebook.com\/BeatriceBenazetMaury","article_modified_time":"2022-11-12T09:29:14+00:00","og_image":[{"url":"http:\/\/hgoyopv.cluster028.hosting.ovh.net\/wp-content\/uploads\/2022\/11\/Audit-3-ans-1-1024x338.png","type":"","width":"","height":""}],"twitter_card":"summary_large_image","twitter_misc":{"Dur\u00e9e de lecture estim\u00e9e":"1 minute"},"schema":{"@context":"https:\/\/schema.org","@graph":[{"@type":"WebPage","@id":"https:\/\/b2rhconseil.com\/index.php\/accompagnement-a-la-certification-qualiopi\/","url":"https:\/\/b2rhconseil.com\/index.php\/accompagnement-a-la-certification-qualiopi\/","name":"Accompagnement \u00e0 la certification Qualiopi - B2 RH Conseil","isPartOf":{"@id":"https:\/\/b2rhconseil.com\/#website"},"primaryImageOfPage":{"@id":"https:\/\/b2rhconseil.com\/index.php\/accompagnement-a-la-certification-qualiopi\/#primaryimage"},"image":{"@id":"https:\/\/b2rhconseil.com\/index.php\/accompagnement-a-la-certification-qualiopi\/#primaryimage"},"thumbnailUrl":"http:\/\/hgoyopv.cluster028.hosting.ovh.net\/wp-content\/uploads\/2022\/11\/Audit-3-ans-1-1024x338.png","datePublished":"2022-11-01T10:16:46+00:00","dateModified":"2022-11-12T09:29:14+00:00","breadcrumb":{"@id":"https:\/\/b2rhconseil.com\/index.php\/accompagnement-a-la-certification-qualiopi\/#breadcrumb"},"inLanguage":"fr-FR","potentialAction":[{"@type":"ReadAction","target":["https:\/\/b2rhconseil.com\/index.php\/accompagnement-a-la-certification-qualiopi\/"]}]},{"@type":"ImageObject","inLanguage":"fr-FR","@id":"https:\/\/b2rhconseil.com\/index.php\/accompagnement-a-la-certification-qualiopi\/#primaryimage","url":"http:\/\/hgoyopv.cluster028.hosting.ovh.net\/wp-content\/uploads\/2022\/11\/Audit-3-ans-1-1024x338.png","contentUrl":"http:\/\/hgoyopv.cluster028.hosting.ovh.net\/wp-content\/uploads\/2022\/11\/Audit-3-ans-1-1024x338.png"},{"@type":"BreadcrumbList","@id":"https:\/\/b2rhconseil.com\/index.php\/accompagnement-a-la-certification-qualiopi\/#breadcrumb","itemListElement":[{"@type":"ListItem","position":1,"name":"Home","item":"https:\/\/b2rhconseil.com\/"},{"@type":"ListItem","position":2,"name":"Accompagnement \u00e0 la certification Qualiopi"}]},{"@type":"WebSite","@id":"https:\/\/b2rhconseil.com\/#website","url":"https:\/\/b2rhconseil.com\/","name":"B2 RH Conseil","description":"Cabinet RH au service des entreprises et organismes de formation","publisher":{"@id":"https:\/\/b2rhconseil.com\/#organization"},"potentialAction":[{"@type":"SearchAction","target":{"@type":"EntryPoint","urlTemplate":"https:\/\/b2rhconseil.com\/?s={search_term_string}"},"query-input":{"@type":"PropertyValueSpecification","valueRequired":true,"valueName":"search_term_string"}}],"inLanguage":"fr-FR"},{"@type":"Organization","@id":"https:\/\/b2rhconseil.com\/#organization","name":"B2 RH Conseil","url":"https:\/\/b2rhconseil.com\/","logo":{"@type":"ImageObject","inLanguage":"fr-FR","@id":"https:\/\/b2rhconseil.com\/#\/schema\/logo\/image\/","url":"https:\/\/b2rhconseil.com\/wp-content\/uploads\/2023\/01\/cropped-logo-web.jpg","contentUrl":"https:\/\/b2rhconseil.com\/wp-content\/uploads\/2023\/01\/cropped-logo-web.jpg","width":153,"height":104,"caption":"B2 RH Conseil"},"image":{"@id":"https:\/\/b2rhconseil.com\/#\/schema\/logo\/image\/"},"sameAs":["https:\/\/www.facebook.com\/BeatriceBenazetMaury","https:\/\/www.linkedin.com\/in\/beatrice-benazet\/"]}]}},"_links":{"self":[{"href":"https:\/\/b2rhconseil.com\/index.php\/wp-json\/wp\/v2\/pages\/308","targetHints":{"allow":["GET"]}}],"collection":[{"href":"https:\/\/b2rhconseil.com\/index.php\/wp-json\/wp\/v2\/pages"}],"about":[{"href":"https:\/\/b2rhconseil.com\/index.php\/wp-json\/wp\/v2\/types\/page"}],"author":[{"embeddable":true,"href":"https:\/\/b2rhconseil.com\/index.php\/wp-json\/wp\/v2\/users\/1"}],"replies":[{"embeddable":true,"href":"https:\/\/b2rhconseil.com\/index.php\/wp-json\/wp\/v2\/comments?post=308"}],"version-history":[{"count":32,"href":"https:\/\/b2rhconseil.com\/index.php\/wp-json\/wp\/v2\/pages\/308\/revisions"}],"predecessor-version":[{"id":503,"href":"https:\/\/b2rhconseil.com\/index.php\/wp-json\/wp\/v2\/pages\/308\/revisions\/503"}],"wp:attachment":[{"href":"https:\/\/b2rhconseil.com\/index.php\/wp-json\/wp\/v2\/media?parent=308"}],"curies":[{"name":"wp","href":"https:\/\/api.w.org\/{rel}","templated":true}]}}