{"id":252,"date":"2022-11-01T09:28:35","date_gmt":"2022-11-01T08:28:35","guid":{"rendered":"http:\/\/hgoyopv.cluster028.hosting.ovh.net\/?page_id=252"},"modified":"2023-01-08T12:00:55","modified_gmt":"2023-01-08T11:00:55","slug":"bilan-dorientation","status":"publish","type":"page","link":"https:\/\/b2rhconseil.com\/index.php\/bilan-dorientation\/","title":{"rendered":"Bilan d&rsquo;orientation"},"content":{"rendered":"\n<p class=\"has-text-align-center\"> Vous \u00eates lyc\u00e9en, \u00e9tudiant ou jeune actif, vous vous posez des questions sur votre avenir : <strong>pensez bilan d&rsquo;orientation !<\/strong><\/p>\n\n\n\n<p class=\"has-text-align-center\"><font color=\"#0CB9F0\"><strong>Simple, court et 100% \u00e0 distance !<\/strong><\/font><\/p>\n\n\n\n<p><font _mstmutation=\"1\" _msthash=\"1050738\"><\/p>\n\n\n\n<figure class=\"wp-block-video\"><video height=\"1080\" style=\"aspect-ratio: 1920 \/ 1080;\" width=\"1920\" controls src=\"http:\/\/b2rhconseil.com\/wp-content\/uploads\/2023\/01\/Presentation-bilan-orientation.mp4\"><\/video><\/figure>\n\n\n\n<p>Un bilan d&rsquo;orientation scolaire est un programme en plusieurs s\u00e9ances avec une sp\u00e9cialiste de l&rsquo;accompagnement et de la formation professionnelle. Vous passerez des tests de personnalit\u00e9, orientation et de motivation pour analyser votre fonctionnement et dessiner l&rsquo;environnement dans lequel vous vous sentirez \u00e0 l&rsquo;aise pour \u00e9tudier puis travailler.<\/p>\n\n\n\n<p><font _mstmutation=\"1\" _msthash=\"1058135\"><\/p>\n\n\n\n<p>Le bilan d&rsquo;orientation scolaire est le moyen de faire point sur votre situation actuelle, vos ambitions, vos projets, de comprendre vos motivations profondes puis de b\u00e2tir un avenir dans lequel vous vous \u00e9panouirez.<\/p>\n\n\n<div class=\"wp-block-image\">\n<figure class=\"aligncenter size-full is-resized\"><img loading=\"lazy\" decoding=\"async\" src=\"http:\/\/hgoyopv.cluster028.hosting.ovh.net\/wp-content\/uploads\/2022\/11\/bilan-orientation2.png\" alt=\"\" class=\"wp-image-301\" width=\"747\" height=\"318\" srcset=\"https:\/\/b2rhconseil.com\/wp-content\/uploads\/2022\/11\/bilan-orientation2.png 938w, https:\/\/b2rhconseil.com\/wp-content\/uploads\/2022\/11\/bilan-orientation2-300x128.png 300w, https:\/\/b2rhconseil.com\/wp-content\/uploads\/2022\/11\/bilan-orientation2-768x328.png 768w\" sizes=\"auto, (max-width: 747px) 100vw, 747px\" \/><\/figure>\n<\/div>\n\n\n<br><br>\n\n\n\n<p><font _mstmutation=\"1\" _msthash=\"1075867\"><\/p>\n\n\n\n<p>Deux possibilit\u00e9s, le bilan d\u2019orientation pour valider un projet d\u00e9j\u00e0 muri &#8211; <strong><a href=\"http:\/\/b2rhconseil.com\/wp-content\/uploads\/2023\/01\/Documentation-pour-bilan-orientation-Valider-son-projet-2.pdf\" target=\"_blank\" rel=\"noreferrer noopener\">T\u00e9l\u00e9charger la plaquette d\u00e9taill\u00e9e<\/a><\/strong><\/p>\n\n\n\n<p>ou<\/p>\n\n\n\n<p>Le bilan d\u2019orientation pour trouver sa voie &#8211; <strong><a href=\"http:\/\/b2rhconseil.com\/wp-content\/uploads\/2023\/01\/Documentation-pour-bilan-orientation-Batir-son-projet-1.pdf\" target=\"_blank\" rel=\"noreferrer noopener\">T\u00e9l\u00e9charger la plaquette d\u00e9taill\u00e9e<\/a><\/strong><\/p>\n\n\n\n\n\n<p><font _mstmutation=\"1\" _msthash=\"985829\"><\/p>\n\n\n<div class=\"wp-block-image\">\n<figure class=\"aligncenter size-full\"><img loading=\"lazy\" decoding=\"async\" width=\"450\" height=\"105\" src=\"http:\/\/hgoyopv.cluster028.hosting.ovh.net\/wp-content\/uploads\/2022\/11\/demander-un-devi.png\" alt=\"\" class=\"wp-image-299\" srcset=\"https:\/\/b2rhconseil.com\/wp-content\/uploads\/2022\/11\/demander-un-devi.png 450w, https:\/\/b2rhconseil.com\/wp-content\/uploads\/2022\/11\/demander-un-devi-300x70.png 300w\" sizes=\"auto, (max-width: 450px) 100vw, 450px\" \/><\/figure>\n<\/div>","protected":false},"excerpt":{"rendered":"<p class=\"qua-blog-post-description\">Vous \u00eates lyc\u00e9en, \u00e9tudiant ou jeune actif, vous vous posez des questions sur votre avenir : pensez bilan d&rsquo;orientation ! Simple, court et 100% \u00e0 distance ! Un bilan d&rsquo;orientation scolaire est un programme en plusieurs s\u00e9ances avec une sp\u00e9cialiste de l&rsquo;accompagnement et de la formation professionnelle. Vous passerez des tests de personnalit\u00e9, orientation et [&hellip;]<\/p>\n","protected":false},"author":1,"featured_media":0,"parent":0,"menu_order":0,"comment_status":"closed","ping_status":"closed","template":"","meta":{"footnotes":""},"class_list":["post-252","page","type-page","status-publish","hentry"],"yoast_head":"<!-- This site is optimized with the Yoast SEO plugin v27.4 - https:\/\/yoast.com\/product\/yoast-seo-wordpress\/ -->\n<title>Bilan d&#039;orientation - B2 RH Conseil<\/title>\n<meta name=\"robots\" content=\"index, follow, max-snippet:-1, max-image-preview:large, max-video-preview:-1\" \/>\n<link rel=\"canonical\" href=\"https:\/\/b2rhconseil.com\/index.php\/bilan-dorientation\/\" \/>\n<meta property=\"og:locale\" content=\"fr_FR\" \/>\n<meta property=\"og:type\" content=\"article\" \/>\n<meta property=\"og:title\" content=\"Bilan d&#039;orientation - B2 RH Conseil\" \/>\n<meta property=\"og:description\" content=\"Vous \u00eates lyc\u00e9en, \u00e9tudiant ou jeune actif, vous vous posez des questions sur votre avenir : pensez bilan d&rsquo;orientation ! Simple, court et 100% \u00e0 distance ! Un bilan d&rsquo;orientation scolaire est un programme en plusieurs s\u00e9ances avec une sp\u00e9cialiste de l&rsquo;accompagnement et de la formation professionnelle. Vous passerez des tests de personnalit\u00e9, orientation et [&hellip;]\" \/>\n<meta property=\"og:url\" content=\"https:\/\/b2rhconseil.com\/index.php\/bilan-dorientation\/\" \/>\n<meta property=\"og:site_name\" content=\"B2 RH Conseil\" \/>\n<meta property=\"article:publisher\" content=\"https:\/\/www.facebook.com\/BeatriceBenazetMaury\" \/>\n<meta property=\"article:modified_time\" content=\"2023-01-08T11:00:55+00:00\" \/>\n<meta property=\"og:image\" content=\"http:\/\/hgoyopv.cluster028.hosting.ovh.net\/wp-content\/uploads\/2022\/11\/bilan-orientation2.png\" \/>\n<meta name=\"twitter:card\" content=\"summary_large_image\" \/>\n<meta name=\"twitter:label1\" content=\"Dur\u00e9e de lecture estim\u00e9e\" \/>\n\t<meta name=\"twitter:data1\" content=\"1 minute\" \/>\n<script type=\"application\/ld+json\" class=\"yoast-schema-graph\">{\"@context\":\"https:\\\/\\\/schema.org\",\"@graph\":[{\"@type\":\"WebPage\",\"@id\":\"https:\\\/\\\/b2rhconseil.com\\\/index.php\\\/bilan-dorientation\\\/\",\"url\":\"https:\\\/\\\/b2rhconseil.com\\\/index.php\\\/bilan-dorientation\\\/\",\"name\":\"Bilan d'orientation - B2 RH Conseil\",\"isPartOf\":{\"@id\":\"https:\\\/\\\/b2rhconseil.com\\\/#website\"},\"primaryImageOfPage\":{\"@id\":\"https:\\\/\\\/b2rhconseil.com\\\/index.php\\\/bilan-dorientation\\\/#primaryimage\"},\"image\":{\"@id\":\"https:\\\/\\\/b2rhconseil.com\\\/index.php\\\/bilan-dorientation\\\/#primaryimage\"},\"thumbnailUrl\":\"http:\\\/\\\/hgoyopv.cluster028.hosting.ovh.net\\\/wp-content\\\/uploads\\\/2022\\\/11\\\/bilan-orientation2.png\",\"datePublished\":\"2022-11-01T08:28:35+00:00\",\"dateModified\":\"2023-01-08T11:00:55+00:00\",\"breadcrumb\":{\"@id\":\"https:\\\/\\\/b2rhconseil.com\\\/index.php\\\/bilan-dorientation\\\/#breadcrumb\"},\"inLanguage\":\"fr-FR\",\"potentialAction\":[{\"@type\":\"ReadAction\",\"target\":[\"https:\\\/\\\/b2rhconseil.com\\\/index.php\\\/bilan-dorientation\\\/\"]}]},{\"@type\":\"ImageObject\",\"inLanguage\":\"fr-FR\",\"@id\":\"https:\\\/\\\/b2rhconseil.com\\\/index.php\\\/bilan-dorientation\\\/#primaryimage\",\"url\":\"http:\\\/\\\/hgoyopv.cluster028.hosting.ovh.net\\\/wp-content\\\/uploads\\\/2022\\\/11\\\/bilan-orientation2.png\",\"contentUrl\":\"http:\\\/\\\/hgoyopv.cluster028.hosting.ovh.net\\\/wp-content\\\/uploads\\\/2022\\\/11\\\/bilan-orientation2.png\"},{\"@type\":\"BreadcrumbList\",\"@id\":\"https:\\\/\\\/b2rhconseil.com\\\/index.php\\\/bilan-dorientation\\\/#breadcrumb\",\"itemListElement\":[{\"@type\":\"ListItem\",\"position\":1,\"name\":\"Home\",\"item\":\"https:\\\/\\\/b2rhconseil.com\\\/\"},{\"@type\":\"ListItem\",\"position\":2,\"name\":\"Bilan d&rsquo;orientation\"}]},{\"@type\":\"WebSite\",\"@id\":\"https:\\\/\\\/b2rhconseil.com\\\/#website\",\"url\":\"https:\\\/\\\/b2rhconseil.com\\\/\",\"name\":\"B2 RH Conseil\",\"description\":\"Cabinet RH au service des entreprises et organismes de formation\",\"publisher\":{\"@id\":\"https:\\\/\\\/b2rhconseil.com\\\/#organization\"},\"potentialAction\":[{\"@type\":\"SearchAction\",\"target\":{\"@type\":\"EntryPoint\",\"urlTemplate\":\"https:\\\/\\\/b2rhconseil.com\\\/?s={search_term_string}\"},\"query-input\":{\"@type\":\"PropertyValueSpecification\",\"valueRequired\":true,\"valueName\":\"search_term_string\"}}],\"inLanguage\":\"fr-FR\"},{\"@type\":\"Organization\",\"@id\":\"https:\\\/\\\/b2rhconseil.com\\\/#organization\",\"name\":\"B2 RH Conseil\",\"url\":\"https:\\\/\\\/b2rhconseil.com\\\/\",\"logo\":{\"@type\":\"ImageObject\",\"inLanguage\":\"fr-FR\",\"@id\":\"https:\\\/\\\/b2rhconseil.com\\\/#\\\/schema\\\/logo\\\/image\\\/\",\"url\":\"https:\\\/\\\/b2rhconseil.com\\\/wp-content\\\/uploads\\\/2023\\\/01\\\/cropped-logo-web.jpg\",\"contentUrl\":\"https:\\\/\\\/b2rhconseil.com\\\/wp-content\\\/uploads\\\/2023\\\/01\\\/cropped-logo-web.jpg\",\"width\":153,\"height\":104,\"caption\":\"B2 RH Conseil\"},\"image\":{\"@id\":\"https:\\\/\\\/b2rhconseil.com\\\/#\\\/schema\\\/logo\\\/image\\\/\"},\"sameAs\":[\"https:\\\/\\\/www.facebook.com\\\/BeatriceBenazetMaury\",\"https:\\\/\\\/www.linkedin.com\\\/in\\\/beatrice-benazet\\\/\"]}]}<\/script>\n<!-- \/ Yoast SEO plugin. -->","yoast_head_json":{"title":"Bilan d'orientation - B2 RH Conseil","robots":{"index":"index","follow":"follow","max-snippet":"max-snippet:-1","max-image-preview":"max-image-preview:large","max-video-preview":"max-video-preview:-1"},"canonical":"https:\/\/b2rhconseil.com\/index.php\/bilan-dorientation\/","og_locale":"fr_FR","og_type":"article","og_title":"Bilan d'orientation - B2 RH Conseil","og_description":"Vous \u00eates lyc\u00e9en, \u00e9tudiant ou jeune actif, vous vous posez des questions sur votre avenir : pensez bilan d&rsquo;orientation ! Simple, court et 100% \u00e0 distance ! Un bilan d&rsquo;orientation scolaire est un programme en plusieurs s\u00e9ances avec une sp\u00e9cialiste de l&rsquo;accompagnement et de la formation professionnelle. Vous passerez des tests de personnalit\u00e9, orientation et [&hellip;]","og_url":"https:\/\/b2rhconseil.com\/index.php\/bilan-dorientation\/","og_site_name":"B2 RH Conseil","article_publisher":"https:\/\/www.facebook.com\/BeatriceBenazetMaury","article_modified_time":"2023-01-08T11:00:55+00:00","og_image":[{"url":"http:\/\/hgoyopv.cluster028.hosting.ovh.net\/wp-content\/uploads\/2022\/11\/bilan-orientation2.png","type":"","width":"","height":""}],"twitter_card":"summary_large_image","twitter_misc":{"Dur\u00e9e de lecture estim\u00e9e":"1 minute"},"schema":{"@context":"https:\/\/schema.org","@graph":[{"@type":"WebPage","@id":"https:\/\/b2rhconseil.com\/index.php\/bilan-dorientation\/","url":"https:\/\/b2rhconseil.com\/index.php\/bilan-dorientation\/","name":"Bilan d'orientation - B2 RH Conseil","isPartOf":{"@id":"https:\/\/b2rhconseil.com\/#website"},"primaryImageOfPage":{"@id":"https:\/\/b2rhconseil.com\/index.php\/bilan-dorientation\/#primaryimage"},"image":{"@id":"https:\/\/b2rhconseil.com\/index.php\/bilan-dorientation\/#primaryimage"},"thumbnailUrl":"http:\/\/hgoyopv.cluster028.hosting.ovh.net\/wp-content\/uploads\/2022\/11\/bilan-orientation2.png","datePublished":"2022-11-01T08:28:35+00:00","dateModified":"2023-01-08T11:00:55+00:00","breadcrumb":{"@id":"https:\/\/b2rhconseil.com\/index.php\/bilan-dorientation\/#breadcrumb"},"inLanguage":"fr-FR","potentialAction":[{"@type":"ReadAction","target":["https:\/\/b2rhconseil.com\/index.php\/bilan-dorientation\/"]}]},{"@type":"ImageObject","inLanguage":"fr-FR","@id":"https:\/\/b2rhconseil.com\/index.php\/bilan-dorientation\/#primaryimage","url":"http:\/\/hgoyopv.cluster028.hosting.ovh.net\/wp-content\/uploads\/2022\/11\/bilan-orientation2.png","contentUrl":"http:\/\/hgoyopv.cluster028.hosting.ovh.net\/wp-content\/uploads\/2022\/11\/bilan-orientation2.png"},{"@type":"BreadcrumbList","@id":"https:\/\/b2rhconseil.com\/index.php\/bilan-dorientation\/#breadcrumb","itemListElement":[{"@type":"ListItem","position":1,"name":"Home","item":"https:\/\/b2rhconseil.com\/"},{"@type":"ListItem","position":2,"name":"Bilan d&rsquo;orientation"}]},{"@type":"WebSite","@id":"https:\/\/b2rhconseil.com\/#website","url":"https:\/\/b2rhconseil.com\/","name":"B2 RH Conseil","description":"Cabinet RH au service des entreprises et organismes de formation","publisher":{"@id":"https:\/\/b2rhconseil.com\/#organization"},"potentialAction":[{"@type":"SearchAction","target":{"@type":"EntryPoint","urlTemplate":"https:\/\/b2rhconseil.com\/?s={search_term_string}"},"query-input":{"@type":"PropertyValueSpecification","valueRequired":true,"valueName":"search_term_string"}}],"inLanguage":"fr-FR"},{"@type":"Organization","@id":"https:\/\/b2rhconseil.com\/#organization","name":"B2 RH Conseil","url":"https:\/\/b2rhconseil.com\/","logo":{"@type":"ImageObject","inLanguage":"fr-FR","@id":"https:\/\/b2rhconseil.com\/#\/schema\/logo\/image\/","url":"https:\/\/b2rhconseil.com\/wp-content\/uploads\/2023\/01\/cropped-logo-web.jpg","contentUrl":"https:\/\/b2rhconseil.com\/wp-content\/uploads\/2023\/01\/cropped-logo-web.jpg","width":153,"height":104,"caption":"B2 RH Conseil"},"image":{"@id":"https:\/\/b2rhconseil.com\/#\/schema\/logo\/image\/"},"sameAs":["https:\/\/www.facebook.com\/BeatriceBenazetMaury","https:\/\/www.linkedin.com\/in\/beatrice-benazet\/"]}]}},"_links":{"self":[{"href":"https:\/\/b2rhconseil.com\/index.php\/wp-json\/wp\/v2\/pages\/252","targetHints":{"allow":["GET"]}}],"collection":[{"href":"https:\/\/b2rhconseil.com\/index.php\/wp-json\/wp\/v2\/pages"}],"about":[{"href":"https:\/\/b2rhconseil.com\/index.php\/wp-json\/wp\/v2\/types\/page"}],"author":[{"embeddable":true,"href":"https:\/\/b2rhconseil.com\/index.php\/wp-json\/wp\/v2\/users\/1"}],"replies":[{"embeddable":true,"href":"https:\/\/b2rhconseil.com\/index.php\/wp-json\/wp\/v2\/comments?post=252"}],"version-history":[{"count":45,"href":"https:\/\/b2rhconseil.com\/index.php\/wp-json\/wp\/v2\/pages\/252\/revisions"}],"predecessor-version":[{"id":559,"href":"https:\/\/b2rhconseil.com\/index.php\/wp-json\/wp\/v2\/pages\/252\/revisions\/559"}],"wp:attachment":[{"href":"https:\/\/b2rhconseil.com\/index.php\/wp-json\/wp\/v2\/media?parent=252"}],"curies":[{"name":"wp","href":"https:\/\/api.w.org\/{rel}","templated":true}]}}