{"id":23,"date":"2022-10-31T14:49:25","date_gmt":"2022-10-31T13:49:25","guid":{"rendered":"http:\/\/hgoyopv.cluster028.hosting.ovh.net\/?page_id=23"},"modified":"2023-01-08T11:36:59","modified_gmt":"2023-01-08T10:36:59","slug":"qui-sommes-nous","status":"publish","type":"page","link":"https:\/\/b2rhconseil.com\/index.php\/qui-sommes-nous\/","title":{"rendered":"Qui sommes-nous ?"},"content":{"rendered":"\n<h1 class=\"wp-block-heading\"><strong><font color=\"#F0A00C\">B\u00e9atrice B\u00e9nazet<\/font><\/strong><\/h1>\n\n\n\n<h2 class=\"has-medium-font-size wp-block-heading\" style=\"font-style:normal;font-weight:600\">Pr\u00e9sidente de B2 RH Conseil<\/h2>\n\n\n<div class=\"wp-block-image\">\n<figure class=\"aligncenter size-large is-resized\"><img loading=\"lazy\" decoding=\"async\" src=\"http:\/\/b2rhconseil.com\/wp-content\/uploads\/2022\/11\/presentation-Bea-1-1024x508.png\" alt=\"\" class=\"wp-image-488\" width=\"842\" height=\"416\"\/><\/figure>\n<\/div>\n\n\n<p class=\"has-text-align-center\">Retrouvez-nous sur les r\u00e9seaux sociaux !<\/p>\n\n\n<div class=\"wp-block-image\">\n<figure class=\"aligncenter size-full is-resized\"><img loading=\"lazy\" decoding=\"async\" src=\"http:\/\/hgoyopv.cluster028.hosting.ovh.net\/wp-content\/uploads\/2022\/10\/3-reseaux-sociaux.png\" alt=\"\" class=\"wp-image-92\" width=\"132\" height=\"45\"\/><\/figure>\n<\/div>\n\n\n<p><\/p>\n\n\n\n<p class=\"has-large-font-size\"><strong>Nos partenaires<\/strong><\/p>\n\n\n<div class=\"wp-block-image\">\n<figure class=\"aligncenter size-large is-resized\"><img loading=\"lazy\" decoding=\"async\" src=\"http:\/\/hgoyopv.cluster028.hosting.ovh.net\/wp-content\/uploads\/2022\/11\/partenaires-2-1024x136.png\" alt=\"\" class=\"wp-image-237\" width=\"635\" height=\"84\" srcset=\"https:\/\/b2rhconseil.com\/wp-content\/uploads\/2022\/11\/partenaires-2-1024x136.png 1024w, https:\/\/b2rhconseil.com\/wp-content\/uploads\/2022\/11\/partenaires-2-300x40.png 300w, https:\/\/b2rhconseil.com\/wp-content\/uploads\/2022\/11\/partenaires-2-768x102.png 768w, https:\/\/b2rhconseil.com\/wp-content\/uploads\/2022\/11\/partenaires-2-1536x204.png 1536w, https:\/\/b2rhconseil.com\/wp-content\/uploads\/2022\/11\/partenaires-2-2048x271.png 2048w\" sizes=\"auto, (max-width: 635px) 100vw, 635px\" \/><\/figure>\n<\/div>\n\n\n<p>         <\/p>\n\n\n\n<br><\/br><br><\/br><br><\/br>\n\n\n\n<p><\/p>\n\n\n\n<p><\/p>\n\n\n\n<p class=\"has-large-font-size\"><strong>Ils nous font confiance&#8230;<\/strong><\/p>\n\n\n<style type=\"text\/css\">\r\n    #lgx_lsw_preloader_178 {\r\n        display: flex;\r\n        align-items: center;\r\n        justify-content: center;\r\n        text-align: center;\r\n        background: #ffffff;\r\n        z-index: 9999;\r\n        position: absolute;\r\n        left: 0;\r\n        top: 0;\r\n        height: 100%;\r\n        width: 100%;\r\n    }\r\n<\/style><div id=\"lgx_logo_slider_app_178\" class=\"lgx_logo_slider_app\">\r\n\r\n    <div id=\"lgx_lsw_preloader_178\"\" class=\"lgx_lsw_preloader\"> <img decoding=\"async\" src=\"https:\/\/b2rhconseil.com\/wp-content\/plugins\/logo-slider-wp\/public\/assets\/img\/loader.gif\" \/><\/div>\r\n    <div class=\"lgx_logo_slider lgx_logo_slider_free\">\r\n        <div class=\"lgx_app_inner lgx_app_layout_carousel\">\r\n            <div class=\"lgx_app_container-fluid\">\r\n\r\n                \r\n                <div id=\"lgx_app_content_wrap_178764\" class=\"lgx_app_content_wrapper  swiper lgx_logo_carousel\"   data-effect=\"slide\"  data-infinite=\"true\"  data-speed=\"410\"  data-autoplay=\"true\"  data-delay=\"1500\"  data-pause=\"false\"  data-space=\"10\"  data-nav=\"true\"  data-pagination=\"true\"  data-height=\"false\"  data-move=\"true\"  data-wheel=\"false\"  data-simulate=\"true\"  data-grab=\"false\"  data-dynamic=\"false\"  data-bullets_no=\"1\"  data-item_mobile=\"2\"  data-item_tablet=\"3\"  data-item_desk=\"4\"  data-item_large=\"5\"  data-lazy=\"false\"    >\r\n\r\n                    <div class=\"lgx_lsw_nav_wrap lgx_lsw_nav_top_right  \"><div class=\"lgx_lsw_nav_button lgx_lsw_nav_button_prev\"><i class=\"fa fa-angle-left\"  aria-hidden=\"true\"><\/i><\/div><div class=\"lgx_lsw_nav_button lgx_lsw_nav_button_next \"><i class=\"fa fa-angle-right\"  aria-hidden=\"true\"><\/i><\/div><\/div>\r\n                    <div class=\"lgx_app_item_row   swiper-wrapper \"  >\r\n                        <div class=\"lgx_app_item  swiper-slide lgx_app_hover_effect_none\">\r\n    <div class=\"lgx_app_item_inner \" >\r\n    \r\n                    <div class=\"lgx_app_item_figure lgx_img_hover_anim__default\">\r\n                <a class=\"lgx_app_item_link\"    href=\"javascript:void(0);\"  target=\"_self\" >\r\n                    <img decoding=\"async\" class=\"lgx_app_item_img\" src=\"https:\/\/b2rhconseil.com\/wp-content\/uploads\/2022\/11\/logo-petroineos.png\"  alt=\"\" \/>\r\n                <\/a>\r\n            <\/div> <!--\/\/.FIGURE -->\r\n        \r\n        <div class=\"lgx_app_item_info\">\r\n                                <\/div>\r\n\r\n        \r\n    <\/div>\r\n<\/div><div class=\"lgx_app_item  swiper-slide lgx_app_hover_effect_none\">\r\n    <div class=\"lgx_app_item_inner \" >\r\n    \r\n                    <div class=\"lgx_app_item_figure lgx_img_hover_anim__default\">\r\n                <a class=\"lgx_app_item_link\"    href=\"javascript:void(0);\"  target=\"_self\" >\r\n                    <img decoding=\"async\" class=\"lgx_app_item_img\" src=\"https:\/\/b2rhconseil.com\/wp-content\/uploads\/2022\/11\/logo-Jobstream-fond-transp.png\"  alt=\"\" \/>\r\n                <\/a>\r\n            <\/div> <!--\/\/.FIGURE -->\r\n        \r\n        <div class=\"lgx_app_item_info\">\r\n                                <\/div>\r\n\r\n        \r\n    <\/div>\r\n<\/div><div class=\"lgx_app_item  swiper-slide lgx_app_hover_effect_none\">\r\n    <div class=\"lgx_app_item_inner \" >\r\n    \r\n                    <div class=\"lgx_app_item_figure lgx_img_hover_anim__default\">\r\n                <a class=\"lgx_app_item_link\"    href=\"javascript:void(0);\"  target=\"_self\" >\r\n                    <img decoding=\"async\" class=\"lgx_app_item_img\" src=\"https:\/\/b2rhconseil.com\/wp-content\/uploads\/2022\/11\/logo-foselev.png\"  alt=\"\" \/>\r\n                <\/a>\r\n            <\/div> <!--\/\/.FIGURE -->\r\n        \r\n        <div class=\"lgx_app_item_info\">\r\n                                <\/div>\r\n\r\n        \r\n    <\/div>\r\n<\/div><div class=\"lgx_app_item  swiper-slide lgx_app_hover_effect_none\">\r\n    <div class=\"lgx_app_item_inner \" >\r\n    \r\n                    <div class=\"lgx_app_item_figure lgx_img_hover_anim__default\">\r\n                <a class=\"lgx_app_item_link\"    href=\"javascript:void(0);\"  target=\"_self\" >\r\n                    <img decoding=\"async\" class=\"lgx_app_item_img\" src=\"https:\/\/b2rhconseil.com\/wp-content\/uploads\/2022\/11\/logo-Naphta-1.jpg\"  alt=\"\" \/>\r\n                <\/a>\r\n            <\/div> <!--\/\/.FIGURE -->\r\n        \r\n        <div class=\"lgx_app_item_info\">\r\n                                <\/div>\r\n\r\n        \r\n    <\/div>\r\n<\/div><div class=\"lgx_app_item  swiper-slide lgx_app_hover_effect_none\">\r\n    <div class=\"lgx_app_item_inner \" >\r\n    \r\n                    <div class=\"lgx_app_item_figure lgx_img_hover_anim__default\">\r\n                <a class=\"lgx_app_item_link\"    href=\"javascript:void(0);\"  target=\"_self\" >\r\n                    <img decoding=\"async\" class=\"lgx_app_item_img\" src=\"https:\/\/b2rhconseil.com\/wp-content\/uploads\/2022\/11\/logo-soprovise.png\"  alt=\"\" \/>\r\n                <\/a>\r\n            <\/div> <!--\/\/.FIGURE -->\r\n        \r\n        <div class=\"lgx_app_item_info\">\r\n                                <\/div>\r\n\r\n        \r\n    <\/div>\r\n<\/div><div class=\"lgx_app_item  swiper-slide lgx_app_hover_effect_none\">\r\n    <div class=\"lgx_app_item_inner \" >\r\n    \r\n                    <div class=\"lgx_app_item_figure lgx_img_hover_anim__default\">\r\n                <a class=\"lgx_app_item_link\"    href=\"javascript:void(0);\"  target=\"_self\" >\r\n                    <img decoding=\"async\" class=\"lgx_app_item_img\" src=\"https:\/\/b2rhconseil.com\/wp-content\/uploads\/2022\/11\/logo-interim-et-placement.png\"  alt=\"\" \/>\r\n                <\/a>\r\n            <\/div> <!--\/\/.FIGURE -->\r\n        \r\n        <div class=\"lgx_app_item_info\">\r\n                                <\/div>\r\n\r\n        \r\n    <\/div>\r\n<\/div><div class=\"lgx_app_item  swiper-slide lgx_app_hover_effect_none\">\r\n    <div class=\"lgx_app_item_inner \" >\r\n    \r\n                    <div class=\"lgx_app_item_figure lgx_img_hover_anim__default\">\r\n                <a class=\"lgx_app_item_link\"    href=\"javascript:void(0);\"  target=\"_self\" >\r\n                    <img decoding=\"async\" class=\"lgx_app_item_img\" src=\"https:\/\/b2rhconseil.com\/wp-content\/uploads\/2022\/11\/logo.png\"  alt=\"\" \/>\r\n                <\/a>\r\n            <\/div> <!--\/\/.FIGURE -->\r\n        \r\n        <div class=\"lgx_app_item_info\">\r\n                                <\/div>\r\n\r\n        \r\n    <\/div>\r\n<\/div><div class=\"lgx_app_item  swiper-slide lgx_app_hover_effect_none\">\r\n    <div class=\"lgx_app_item_inner \" >\r\n    \r\n                    <div class=\"lgx_app_item_figure lgx_img_hover_anim__default\">\r\n                <a class=\"lgx_app_item_link\"    href=\"javascript:void(0);\"  target=\"_self\" >\r\n                    <img decoding=\"async\" class=\"lgx_app_item_img\" src=\"https:\/\/b2rhconseil.com\/wp-content\/uploads\/2022\/11\/Sta-formation.png\"  alt=\"\" \/>\r\n                <\/a>\r\n            <\/div> <!--\/\/.FIGURE -->\r\n        \r\n        <div class=\"lgx_app_item_info\">\r\n                                <\/div>\r\n\r\n        \r\n    <\/div>\r\n<\/div><div class=\"lgx_app_item  swiper-slide lgx_app_hover_effect_none\">\r\n    <div class=\"lgx_app_item_inner \" >\r\n    \r\n                    <div class=\"lgx_app_item_figure lgx_img_hover_anim__default\">\r\n                <a class=\"lgx_app_item_link\"    href=\"javascript:void(0);\"  target=\"_self\" >\r\n                    <img decoding=\"async\" class=\"lgx_app_item_img\" src=\"https:\/\/b2rhconseil.com\/wp-content\/uploads\/2022\/11\/logo-total-energie.png\"  alt=\"\" \/>\r\n                <\/a>\r\n            <\/div> <!--\/\/.FIGURE -->\r\n        \r\n        <div class=\"lgx_app_item_info\">\r\n                                <\/div>\r\n\r\n        \r\n    <\/div>\r\n<\/div><div class=\"lgx_app_item  swiper-slide lgx_app_hover_effect_none\">\r\n    <div class=\"lgx_app_item_inner \" >\r\n    \r\n                    <div class=\"lgx_app_item_figure lgx_img_hover_anim__default\">\r\n                <a class=\"lgx_app_item_link\"    href=\"javascript:void(0);\"  target=\"_self\" >\r\n                    <img decoding=\"async\" class=\"lgx_app_item_img\" src=\"https:\/\/b2rhconseil.com\/wp-content\/uploads\/2022\/11\/marzio-school.png\"  alt=\"\" \/>\r\n                <\/a>\r\n            <\/div> <!--\/\/.FIGURE -->\r\n        \r\n        <div class=\"lgx_app_item_info\">\r\n                                <\/div>\r\n\r\n        \r\n    <\/div>\r\n<\/div><div class=\"lgx_app_item  swiper-slide lgx_app_hover_effect_none\">\r\n    <div class=\"lgx_app_item_inner \" >\r\n    \r\n                    <div class=\"lgx_app_item_figure lgx_img_hover_anim__default\">\r\n                <a class=\"lgx_app_item_link\"    href=\"javascript:void(0);\"  target=\"_self\" >\r\n                    <img decoding=\"async\" class=\"lgx_app_item_img\" src=\"https:\/\/b2rhconseil.com\/wp-content\/uploads\/2022\/11\/omexon.png\"  alt=\"\" \/>\r\n                <\/a>\r\n            <\/div> <!--\/\/.FIGURE -->\r\n        \r\n        <div class=\"lgx_app_item_info\">\r\n                                <\/div>\r\n\r\n        \r\n    <\/div>\r\n<\/div><div class=\"lgx_app_item  swiper-slide lgx_app_hover_effect_none\">\r\n    <div class=\"lgx_app_item_inner \" >\r\n    \r\n                    <div class=\"lgx_app_item_figure lgx_img_hover_anim__default\">\r\n                <a class=\"lgx_app_item_link\"    href=\"javascript:void(0);\"  target=\"_self\" >\r\n                    <img decoding=\"async\" class=\"lgx_app_item_img\" src=\"https:\/\/b2rhconseil.com\/wp-content\/uploads\/2022\/11\/roche-1.png\"  alt=\"\" \/>\r\n                <\/a>\r\n            <\/div> <!--\/\/.FIGURE -->\r\n        \r\n        <div class=\"lgx_app_item_info\">\r\n                                <\/div>\r\n\r\n        \r\n    <\/div>\r\n<\/div><div class=\"lgx_app_item  swiper-slide lgx_app_hover_effect_none\">\r\n    <div class=\"lgx_app_item_inner \" >\r\n    \r\n                    <div class=\"lgx_app_item_figure lgx_img_hover_anim__default\">\r\n                <a class=\"lgx_app_item_link\"    href=\"javascript:void(0);\"  target=\"_self\" >\r\n                    <img decoding=\"async\" class=\"lgx_app_item_img\" src=\"https:\/\/b2rhconseil.com\/wp-content\/uploads\/2022\/11\/talentiel-rh.png\"  alt=\"\" \/>\r\n                <\/a>\r\n            <\/div> <!--\/\/.FIGURE -->\r\n        \r\n        <div class=\"lgx_app_item_info\">\r\n                                <\/div>\r\n\r\n        \r\n    <\/div>\r\n<\/div><div class=\"lgx_app_item  swiper-slide lgx_app_hover_effect_none\">\r\n    <div class=\"lgx_app_item_inner \" >\r\n    \r\n                    <div class=\"lgx_app_item_figure lgx_img_hover_anim__default\">\r\n                <a class=\"lgx_app_item_link\"    href=\"javascript:void(0);\"  target=\"_self\" >\r\n                    <img decoding=\"async\" class=\"lgx_app_item_img\" src=\"https:\/\/b2rhconseil.com\/wp-content\/uploads\/2022\/11\/technoalpin.png\"  alt=\"\" \/>\r\n                <\/a>\r\n            <\/div> <!--\/\/.FIGURE -->\r\n        \r\n        <div class=\"lgx_app_item_info\">\r\n                                <\/div>\r\n\r\n        \r\n    <\/div>\r\n<\/div><div class=\"lgx_app_item  swiper-slide lgx_app_hover_effect_none\">\r\n    <div class=\"lgx_app_item_inner \" >\r\n    \r\n                    <div class=\"lgx_app_item_figure lgx_img_hover_anim__default\">\r\n                <a class=\"lgx_app_item_link\"    href=\"javascript:void(0);\"  target=\"_self\" >\r\n                    <img decoding=\"async\" class=\"lgx_app_item_img\" src=\"https:\/\/b2rhconseil.com\/wp-content\/uploads\/2022\/11\/the-english-center.png\"  alt=\"\" \/>\r\n                <\/a>\r\n            <\/div> <!--\/\/.FIGURE -->\r\n        \r\n        <div class=\"lgx_app_item_info\">\r\n                                <\/div>\r\n\r\n        \r\n    <\/div>\r\n<\/div>                    <\/div> <!--\/\/.APP CONTENT INNER END-->\r\n\r\n                    <div class=\"swiper-pagination lgx_lsw_pagination\"><\/div>\r\n                    \r\n                <\/div> <!-- \/\/.CONTENT WRAP END-->\r\n\r\n            <\/div><!--\/\/.APP CONTAINER END-->\r\n        <\/div> <!--\/\/.INNER END-->\r\n    <\/div> <!-- APP CONTAINER END -->\r\n\r\n<\/div> <!--\/\/.APP END-->\n","protected":false},"excerpt":{"rendered":"<p class=\"qua-blog-post-description\">B\u00e9atrice B\u00e9nazet Pr\u00e9sidente de B2 RH Conseil Retrouvez-nous sur les r\u00e9seaux sociaux ! Nos partenaires Ils nous font confiance&#8230;<\/p>\n","protected":false},"author":1,"featured_media":0,"parent":0,"menu_order":0,"comment_status":"closed","ping_status":"closed","template":"","meta":{"footnotes":""},"class_list":["post-23","page","type-page","status-publish","hentry"],"yoast_head":"<!-- This site is optimized with the Yoast SEO plugin v27.4 - https:\/\/yoast.com\/product\/yoast-seo-wordpress\/ -->\n<title>Qui sommes-nous ? - B2 RH Conseil<\/title>\n<meta name=\"robots\" content=\"index, follow, max-snippet:-1, max-image-preview:large, max-video-preview:-1\" \/>\n<link rel=\"canonical\" href=\"https:\/\/b2rhconseil.com\/index.php\/qui-sommes-nous\/\" \/>\n<meta property=\"og:locale\" content=\"fr_FR\" \/>\n<meta property=\"og:type\" content=\"article\" \/>\n<meta property=\"og:title\" content=\"Qui sommes-nous ? - B2 RH Conseil\" \/>\n<meta property=\"og:description\" content=\"B\u00e9atrice B\u00e9nazet Pr\u00e9sidente de B2 RH Conseil Retrouvez-nous sur les r\u00e9seaux sociaux ! Nos partenaires Ils nous font confiance&#8230;\" \/>\n<meta property=\"og:url\" content=\"https:\/\/b2rhconseil.com\/index.php\/qui-sommes-nous\/\" \/>\n<meta property=\"og:site_name\" content=\"B2 RH Conseil\" \/>\n<meta property=\"article:publisher\" content=\"https:\/\/www.facebook.com\/BeatriceBenazetMaury\" \/>\n<meta property=\"article:modified_time\" content=\"2023-01-08T10:36:59+00:00\" \/>\n<meta property=\"og:image\" content=\"http:\/\/b2rhconseil.com\/wp-content\/uploads\/2022\/11\/presentation-Bea-1-1024x508.png\" \/>\n<meta name=\"twitter:card\" content=\"summary_large_image\" \/>\n<script type=\"application\/ld+json\" class=\"yoast-schema-graph\">{\"@context\":\"https:\\\/\\\/schema.org\",\"@graph\":[{\"@type\":\"WebPage\",\"@id\":\"https:\\\/\\\/b2rhconseil.com\\\/index.php\\\/qui-sommes-nous\\\/\",\"url\":\"https:\\\/\\\/b2rhconseil.com\\\/index.php\\\/qui-sommes-nous\\\/\",\"name\":\"Qui sommes-nous ? - B2 RH Conseil\",\"isPartOf\":{\"@id\":\"https:\\\/\\\/b2rhconseil.com\\\/#website\"},\"primaryImageOfPage\":{\"@id\":\"https:\\\/\\\/b2rhconseil.com\\\/index.php\\\/qui-sommes-nous\\\/#primaryimage\"},\"image\":{\"@id\":\"https:\\\/\\\/b2rhconseil.com\\\/index.php\\\/qui-sommes-nous\\\/#primaryimage\"},\"thumbnailUrl\":\"http:\\\/\\\/b2rhconseil.com\\\/wp-content\\\/uploads\\\/2022\\\/11\\\/presentation-Bea-1-1024x508.png\",\"datePublished\":\"2022-10-31T13:49:25+00:00\",\"dateModified\":\"2023-01-08T10:36:59+00:00\",\"breadcrumb\":{\"@id\":\"https:\\\/\\\/b2rhconseil.com\\\/index.php\\\/qui-sommes-nous\\\/#breadcrumb\"},\"inLanguage\":\"fr-FR\",\"potentialAction\":[{\"@type\":\"ReadAction\",\"target\":[\"https:\\\/\\\/b2rhconseil.com\\\/index.php\\\/qui-sommes-nous\\\/\"]}]},{\"@type\":\"ImageObject\",\"inLanguage\":\"fr-FR\",\"@id\":\"https:\\\/\\\/b2rhconseil.com\\\/index.php\\\/qui-sommes-nous\\\/#primaryimage\",\"url\":\"https:\\\/\\\/b2rhconseil.com\\\/wp-content\\\/uploads\\\/2022\\\/11\\\/presentation-Bea-1.png\",\"contentUrl\":\"https:\\\/\\\/b2rhconseil.com\\\/wp-content\\\/uploads\\\/2022\\\/11\\\/presentation-Bea-1.png\",\"width\":3864,\"height\":1917},{\"@type\":\"BreadcrumbList\",\"@id\":\"https:\\\/\\\/b2rhconseil.com\\\/index.php\\\/qui-sommes-nous\\\/#breadcrumb\",\"itemListElement\":[{\"@type\":\"ListItem\",\"position\":1,\"name\":\"Home\",\"item\":\"https:\\\/\\\/b2rhconseil.com\\\/\"},{\"@type\":\"ListItem\",\"position\":2,\"name\":\"Qui sommes-nous ?\"}]},{\"@type\":\"WebSite\",\"@id\":\"https:\\\/\\\/b2rhconseil.com\\\/#website\",\"url\":\"https:\\\/\\\/b2rhconseil.com\\\/\",\"name\":\"B2 RH Conseil\",\"description\":\"Cabinet RH au service des entreprises et organismes de formation\",\"publisher\":{\"@id\":\"https:\\\/\\\/b2rhconseil.com\\\/#organization\"},\"potentialAction\":[{\"@type\":\"SearchAction\",\"target\":{\"@type\":\"EntryPoint\",\"urlTemplate\":\"https:\\\/\\\/b2rhconseil.com\\\/?s={search_term_string}\"},\"query-input\":{\"@type\":\"PropertyValueSpecification\",\"valueRequired\":true,\"valueName\":\"search_term_string\"}}],\"inLanguage\":\"fr-FR\"},{\"@type\":\"Organization\",\"@id\":\"https:\\\/\\\/b2rhconseil.com\\\/#organization\",\"name\":\"B2 RH Conseil\",\"url\":\"https:\\\/\\\/b2rhconseil.com\\\/\",\"logo\":{\"@type\":\"ImageObject\",\"inLanguage\":\"fr-FR\",\"@id\":\"https:\\\/\\\/b2rhconseil.com\\\/#\\\/schema\\\/logo\\\/image\\\/\",\"url\":\"https:\\\/\\\/b2rhconseil.com\\\/wp-content\\\/uploads\\\/2023\\\/01\\\/cropped-logo-web.jpg\",\"contentUrl\":\"https:\\\/\\\/b2rhconseil.com\\\/wp-content\\\/uploads\\\/2023\\\/01\\\/cropped-logo-web.jpg\",\"width\":153,\"height\":104,\"caption\":\"B2 RH Conseil\"},\"image\":{\"@id\":\"https:\\\/\\\/b2rhconseil.com\\\/#\\\/schema\\\/logo\\\/image\\\/\"},\"sameAs\":[\"https:\\\/\\\/www.facebook.com\\\/BeatriceBenazetMaury\",\"https:\\\/\\\/www.linkedin.com\\\/in\\\/beatrice-benazet\\\/\"]}]}<\/script>\n<!-- \/ Yoast SEO plugin. -->","yoast_head_json":{"title":"Qui sommes-nous ? - B2 RH Conseil","robots":{"index":"index","follow":"follow","max-snippet":"max-snippet:-1","max-image-preview":"max-image-preview:large","max-video-preview":"max-video-preview:-1"},"canonical":"https:\/\/b2rhconseil.com\/index.php\/qui-sommes-nous\/","og_locale":"fr_FR","og_type":"article","og_title":"Qui sommes-nous ? - B2 RH Conseil","og_description":"B\u00e9atrice B\u00e9nazet Pr\u00e9sidente de B2 RH Conseil Retrouvez-nous sur les r\u00e9seaux sociaux ! Nos partenaires Ils nous font confiance&#8230;","og_url":"https:\/\/b2rhconseil.com\/index.php\/qui-sommes-nous\/","og_site_name":"B2 RH Conseil","article_publisher":"https:\/\/www.facebook.com\/BeatriceBenazetMaury","article_modified_time":"2023-01-08T10:36:59+00:00","og_image":[{"url":"http:\/\/b2rhconseil.com\/wp-content\/uploads\/2022\/11\/presentation-Bea-1-1024x508.png","type":"","width":"","height":""}],"twitter_card":"summary_large_image","schema":{"@context":"https:\/\/schema.org","@graph":[{"@type":"WebPage","@id":"https:\/\/b2rhconseil.com\/index.php\/qui-sommes-nous\/","url":"https:\/\/b2rhconseil.com\/index.php\/qui-sommes-nous\/","name":"Qui sommes-nous ? - B2 RH Conseil","isPartOf":{"@id":"https:\/\/b2rhconseil.com\/#website"},"primaryImageOfPage":{"@id":"https:\/\/b2rhconseil.com\/index.php\/qui-sommes-nous\/#primaryimage"},"image":{"@id":"https:\/\/b2rhconseil.com\/index.php\/qui-sommes-nous\/#primaryimage"},"thumbnailUrl":"http:\/\/b2rhconseil.com\/wp-content\/uploads\/2022\/11\/presentation-Bea-1-1024x508.png","datePublished":"2022-10-31T13:49:25+00:00","dateModified":"2023-01-08T10:36:59+00:00","breadcrumb":{"@id":"https:\/\/b2rhconseil.com\/index.php\/qui-sommes-nous\/#breadcrumb"},"inLanguage":"fr-FR","potentialAction":[{"@type":"ReadAction","target":["https:\/\/b2rhconseil.com\/index.php\/qui-sommes-nous\/"]}]},{"@type":"ImageObject","inLanguage":"fr-FR","@id":"https:\/\/b2rhconseil.com\/index.php\/qui-sommes-nous\/#primaryimage","url":"https:\/\/b2rhconseil.com\/wp-content\/uploads\/2022\/11\/presentation-Bea-1.png","contentUrl":"https:\/\/b2rhconseil.com\/wp-content\/uploads\/2022\/11\/presentation-Bea-1.png","width":3864,"height":1917},{"@type":"BreadcrumbList","@id":"https:\/\/b2rhconseil.com\/index.php\/qui-sommes-nous\/#breadcrumb","itemListElement":[{"@type":"ListItem","position":1,"name":"Home","item":"https:\/\/b2rhconseil.com\/"},{"@type":"ListItem","position":2,"name":"Qui sommes-nous ?"}]},{"@type":"WebSite","@id":"https:\/\/b2rhconseil.com\/#website","url":"https:\/\/b2rhconseil.com\/","name":"B2 RH Conseil","description":"Cabinet RH au service des entreprises et organismes de formation","publisher":{"@id":"https:\/\/b2rhconseil.com\/#organization"},"potentialAction":[{"@type":"SearchAction","target":{"@type":"EntryPoint","urlTemplate":"https:\/\/b2rhconseil.com\/?s={search_term_string}"},"query-input":{"@type":"PropertyValueSpecification","valueRequired":true,"valueName":"search_term_string"}}],"inLanguage":"fr-FR"},{"@type":"Organization","@id":"https:\/\/b2rhconseil.com\/#organization","name":"B2 RH Conseil","url":"https:\/\/b2rhconseil.com\/","logo":{"@type":"ImageObject","inLanguage":"fr-FR","@id":"https:\/\/b2rhconseil.com\/#\/schema\/logo\/image\/","url":"https:\/\/b2rhconseil.com\/wp-content\/uploads\/2023\/01\/cropped-logo-web.jpg","contentUrl":"https:\/\/b2rhconseil.com\/wp-content\/uploads\/2023\/01\/cropped-logo-web.jpg","width":153,"height":104,"caption":"B2 RH Conseil"},"image":{"@id":"https:\/\/b2rhconseil.com\/#\/schema\/logo\/image\/"},"sameAs":["https:\/\/www.facebook.com\/BeatriceBenazetMaury","https:\/\/www.linkedin.com\/in\/beatrice-benazet\/"]}]}},"_links":{"self":[{"href":"https:\/\/b2rhconseil.com\/index.php\/wp-json\/wp\/v2\/pages\/23","targetHints":{"allow":["GET"]}}],"collection":[{"href":"https:\/\/b2rhconseil.com\/index.php\/wp-json\/wp\/v2\/pages"}],"about":[{"href":"https:\/\/b2rhconseil.com\/index.php\/wp-json\/wp\/v2\/types\/page"}],"author":[{"embeddable":true,"href":"https:\/\/b2rhconseil.com\/index.php\/wp-json\/wp\/v2\/users\/1"}],"replies":[{"embeddable":true,"href":"https:\/\/b2rhconseil.com\/index.php\/wp-json\/wp\/v2\/comments?post=23"}],"version-history":[{"count":31,"href":"https:\/\/b2rhconseil.com\/index.php\/wp-json\/wp\/v2\/pages\/23\/revisions"}],"predecessor-version":[{"id":541,"href":"https:\/\/b2rhconseil.com\/index.php\/wp-json\/wp\/v2\/pages\/23\/revisions\/541"}],"wp:attachment":[{"href":"https:\/\/b2rhconseil.com\/index.php\/wp-json\/wp\/v2\/media?parent=23"}],"curies":[{"name":"wp","href":"https:\/\/api.w.org\/{rel}","templated":true}]}}